{"id":345,"date":"2019-10-31T07:50:09","date_gmt":"2019-10-31T06:50:09","guid":{"rendered":"https:\/\/vwtuinplanten.nl\/?page_id=345"},"modified":"2021-05-31T19:48:43","modified_gmt":"2021-05-31T17:48:43","slug":"duurzaamheid","status":"publish","type":"page","link":"https:\/\/vwtuinplanten.nl\/sv\/duurzaamheid\/","title":{"rendered":"h\u00e5llbarhet"},"content":{"rendered":"<div class=\"wpb-content-wrapper\"><p>[vc_row full_width=&#8221;stretch_row&#8221; content_placement=&#8221;middle&#8221; el_class=&#8221;inner_banner_block&#8221; css=&#8221;.vc_custom_1572515193856{background-image: url(https:\/\/vwtuinplanten.nl\/wp-content\/uploads\/2019\/10\/duurzaamheid-1920.jpg?id=353) !important;background-position: center !important;background-repeat: no-repeat !important;background-size: cover !important;}&#8221;][vc_column][vc_row_inner][vc_column_inner][vc_custom_heading text=&#8221;h\u00e5llbarhet&#8221; font_container=&#8221;tag:h1|text_align:center|color:%23ffffff&#8221; use_theme_fonts=&#8221;yes&#8221; el_class=&#8221;inner_banner_title&#8221;][\/vc_column_inner][\/vc_row_inner][\/vc_column][\/vc_row][vc_row full_width=&#8221;stretch_row&#8221; el_class=&#8221;people_block block_space&#8221;][vc_column][vc_custom_heading text=&#8221;H\u00e5llbarhet p\u00e5 alla niv\u00e5er&#8221; font_container=&#8221;tag:h1|text_align:center|color:%23404040&#8243; use_theme_fonts=&#8221;yes&#8221; el_class=&#8221;m40&#8243;][vc_row_inner el_class=&#8221;duurzamheidRow&#8221;][vc_column_inner width=&#8221;1\/2&#8243;][vc_single_image image=&#8221;396&#8243; img_size=&#8221;full&#8221; alignment=&#8221;right&#8221; el_class=&#8221;sideImg&#8221;][vc_single_image image=&#8221;41&#8243; img_size=&#8221;full&#8221; alignment=&#8221;right&#8221; el_class=&#8221;video_icon_box video_modal_btn&#8221; el_id=&#8221;0zy2mKqk7xg&#8221;][\/vc_column_inner][vc_column_inner width=&#8221;1\/2&#8243;][vc_column_text el_class=&#8221;rightTextBox&#8221;]F\u00f6r att h\u00e5llbarhet ska vara en naturlig del av Van Woudenberg Tuinplantens arbetsmetoder och innovationer har vi vidtagit flera \u00e5tg\u00e4rder.[\/vc_column_text][\/vc_column_inner][\/vc_row_inner][vc_row_inner el_class=&#8221;duurzamheidRow&#8221;][vc_column_inner width=&#8221;1\/2&#8243;][vc_column_text el_class=&#8221;rightTextBox&#8221;]<\/p>\n<h3>\u00c5tervinning av plast<\/h3>\n<p>Van Woudenberg Tuinplanten har g\u00e5tt \u00f6ver till att anv\u00e4nda plastkrukor av koldioxidfritt \u00e5tervunnet material. Dessutom \u00e4r vi i n\u00e4ra samarbete med v\u00e5ra viktigaste partner i f\u00e4rd med att inf\u00f6ra ett slutet \u00e5tervinningssystem.[\/vc_column_text][\/vc_column_inner][vc_column_inner width=&#8221;1\/2&#8243;][vc_single_image image=&#8221;394&#8243; img_size=&#8221;full&#8221; alignment=&#8221;right&#8221; el_class=&#8221;sideImg&#8221;][\/vc_column_inner][\/vc_row_inner][vc_row_inner el_class=&#8221;duurzamheidRow&#8221;][vc_column_inner width=&#8221;1\/2&#8243;][vc_single_image image=&#8221;395&#8243; img_size=&#8221;full&#8221; alignment=&#8221;right&#8221; el_class=&#8221;sideImg&#8221;][\/vc_column_inner][vc_column_inner width=&#8221;1\/2&#8243;][vc_column_text el_class=&#8221;rightTextBox&#8221;]<\/p>\n<h3>Naturlig v\u00e4xtprocess och ekologisk j\u00e4mvikt<\/h3>\n<p>Van Woudenberg Tuinplantens odlingssystem skiljer sig markant fr\u00e5n andra f\u00f6retags. Plantorna v\u00e4xer p\u00e5 friland i minst ett \u00e5r innan de planteras om i krukor. Det g\u00f6r dem mindre mottagliga f\u00f6r sjukdomar och mindre m\u00e4ngder kemikalier beh\u00f6ver anv\u00e4ndas. Den minskade anv\u00e4ndningen av kemikalier p\u00e5verkar \u00e4ven den ekologiska j\u00e4mvikten positivt. Det gynnar de m\u00e5nga bi- och fj\u00e4rilsv\u00e4xterna som odlas av Van Woudenberg Tuinplanten. Dessutom leder den l\u00e4ngre v\u00e4xtprocessen till att f\u00e4rre v\u00e4xter m\u00e5ste kasseras och till s\u00e4nkta kostnader.[\/vc_column_text][\/vc_column_inner][\/vc_row_inner][vc_row_inner el_class=&#8221;duurzamheidRow&#8221;][vc_column_inner width=&#8221;1\/2&#8243;][vc_column_text el_class=&#8221;rightTextBox&#8221;]<\/p>\n<h3>Recirkulerat vatten<\/h3>\n<p>Van Woudenberg Tuinplanten samlar upp \u00f6verskottsvatten tillsammans med regnvatten i ett buffertomr\u00e5de kl\u00e4tt med lavastenar och \u00e5teranv\u00e4nder detta vatten. En positiv bieffekt \u00e4r att g\u00f6dningen som f\u00f6ljer med vattnet ocks\u00e5 \u00e5teranv\u00e4nds. Van Woudenberg Tuinplanten f\u00f6rs\u00f6ker i m\u00f6jligaste m\u00e5n vara sj\u00e4lvf\u00f6rs\u00f6rjande p\u00e5 vatten.[\/vc_column_text][\/vc_column_inner][vc_column_inner width=&#8221;1\/2&#8243;][vc_single_image image=&#8221;357&#8243; img_size=&#8221;full&#8221; alignment=&#8221;right&#8221; el_class=&#8221;sideImg&#8221;][\/vc_column_inner][\/vc_row_inner][vc_row_inner el_class=&#8221;duurzamheidRow&#8221;][vc_column_inner width=&#8221;1\/2&#8243;][vc_single_image image=&#8221;358&#8243; img_size=&#8221;full&#8221; alignment=&#8221;right&#8221; el_class=&#8221;sideImg&#8221;][\/vc_column_inner][vc_column_inner width=&#8221;1\/2&#8243;][vc_column_text el_class=&#8221;rightTextBox&#8221;]<\/p>\n<h3>Fossila br\u00e4nslen<\/h3>\n<p>Van Woudenberg Tuinplanten anv\u00e4nder inte fossila br\u00e4nslen f\u00f6r uppv\u00e4rmning av v\u00e4xthusen utan utnyttjar spillv\u00e4rmen fr\u00e5n den intilliggande tomatodlingen f\u00f6r att h\u00e5lla v\u00e4xthusen frostfria.<br \/>\nF\u00f6r den interna logistiken har Van Woudenberg Tuinplanten g\u00e5tt \u00f6ver till eldrivna transportvagnar. Dessutom unders\u00f6ker vi m\u00f6jligheterna till t\u00e5gtransport f\u00f6r den externa logistiken.[\/vc_column_text][\/vc_column_inner][\/vc_row_inner][vc_row_inner el_class=&#8221;duurzamheidRow&#8221;][vc_column_inner width=&#8221;1\/2&#8243;][vc_column_text el_class=&#8221;rightTextBox&#8221;]<\/p>\n<h3>Viktiga partner<\/h3>\n<p>Tillsammans med v\u00e5ra viktigaste partner g\u00e5r vi p\u00e5 Van Woudenberg Tuinplanten i t\u00e4ten f\u00f6r h\u00e5llbarare kvalitetsprodukter. Det \u00e4r hantverket bakom odlingen som skapar den goda kvaliteten och ger l\u00f6nsamhet.<br \/>\nOch det \u00e4r kvaliteten p\u00e5 v\u00e5ra produkter som g\u00f6r att vi skiljer oss fr\u00e5n m\u00e4ngden![\/vc_column_text][\/vc_column_inner][vc_column_inner width=&#8221;1\/2&#8243;][vc_single_image image=&#8221;356&#8243; img_size=&#8221;full&#8221; alignment=&#8221;right&#8221; el_class=&#8221;sideImg&#8221;][\/vc_column_inner][\/vc_row_inner][\/vc_column][\/vc_row]<\/p>\n<\/div>","protected":false},"excerpt":{"rendered":"<p>[vc_row full_width=&#8221;stretch_row&#8221; content_placement=&#8221;middle&#8221; el_class=&#8221;inner_banner_block&#8221; css=&#8221;.vc_custom_1572515193856{background-image: url(https:\/\/vwtuinplanten.nl\/wp-content\/uploads\/2019\/10\/duurzaamheid-1920.jpg?id=353) !important;background-position: center !important;background-repeat: no-repeat !important;background-size: cover !important;}&#8221;][vc_column][vc_row_inner][vc_column_inner][vc_custom_heading text=&#8221;h\u00e5llbarhet&#8221; font_container=&#8221;tag:h1|text_align:center|color:%23ffffff&#8221; use_theme_fonts=&#8221;yes&#8221; el_class=&#8221;inner_banner_title&#8221;][\/vc_column_inner][\/vc_row_inner][\/vc_column][\/vc_row][vc_row full_width=&#8221;stretch_row&#8221; el_class=&#8221;people_block block_space&#8221;][vc_column][vc_custom_heading text=&#8221;H\u00e5llbarhet p\u00e5 alla niv\u00e5er&#8221; font_container=&#8221;tag:h1|text_align:center|color:%23404040&#8243; use_theme_fonts=&#8221;yes&#8221; el_class=&#8221;m40&#8243;][vc_row_inner el_class=&#8221;duurzamheidRow&#8221;][vc_column_inner width=&#8221;1\/2&#8243;][vc_single_image image=&#8221;396&#8243; img_size=&#8221;full&#8221; alignment=&#8221;right&#8221; el_class=&#8221;sideImg&#8221;][vc_single_image image=&#8221;41&#8243; img_size=&#8221;full&#8221; alignment=&#8221;right&#8221; el_class=&#8221;video_icon_box video_modal_btn&#8221; el_id=&#8221;0zy2mKqk7xg&#8221;][\/vc_column_inner][vc_column_inner width=&#8221;1\/2&#8243;][vc_column_text el_class=&#8221;rightTextBox&#8221;]F\u00f6r att h\u00e5llbarhet ska vara en naturlig del av Van Woudenberg Tuinplantens arbetsmetoder och innovationer [&hellip;]<\/p>\n","protected":false},"author":1,"featured_media":357,"parent":0,"menu_order":0,"comment_status":"closed","ping_status":"closed","template":"","meta":{"_acf_changed":false,"footnotes":""},"class_list":["post-345","page","type-page","status-publish","has-post-thumbnail","hentry","entry"],"acf":[],"_links":{"self":[{"href":"https:\/\/vwtuinplanten.nl\/sv\/wp-json\/wp\/v2\/pages\/345","targetHints":{"allow":["GET"]}}],"collection":[{"href":"https:\/\/vwtuinplanten.nl\/sv\/wp-json\/wp\/v2\/pages"}],"about":[{"href":"https:\/\/vwtuinplanten.nl\/sv\/wp-json\/wp\/v2\/types\/page"}],"author":[{"embeddable":true,"href":"https:\/\/vwtuinplanten.nl\/sv\/wp-json\/wp\/v2\/users\/1"}],"replies":[{"embeddable":true,"href":"https:\/\/vwtuinplanten.nl\/sv\/wp-json\/wp\/v2\/comments?post=345"}],"version-history":[{"count":31,"href":"https:\/\/vwtuinplanten.nl\/sv\/wp-json\/wp\/v2\/pages\/345\/revisions"}],"predecessor-version":[{"id":618,"href":"https:\/\/vwtuinplanten.nl\/sv\/wp-json\/wp\/v2\/pages\/345\/revisions\/618"}],"wp:featuredmedia":[{"embeddable":true,"href":"https:\/\/vwtuinplanten.nl\/sv\/wp-json\/wp\/v2\/media\/357"}],"wp:attachment":[{"href":"https:\/\/vwtuinplanten.nl\/sv\/wp-json\/wp\/v2\/media?parent=345"}],"curies":[{"name":"wp","href":"https:\/\/api.w.org\/{rel}","templated":true}]}}