{"id":253,"date":"2019-08-02T10:37:57","date_gmt":"2019-08-02T10:37:57","guid":{"rendered":"https:\/\/vwtuinplanten.nl\/?page_id=253"},"modified":"2025-03-25T17:31:12","modified_gmt":"2025-03-25T16:31:12","slug":"over-ons","status":"publish","type":"page","link":"https:\/\/vwtuinplanten.nl\/sv\/over-ons\/","title":{"rendered":"Om oss"},"content":{"rendered":"<div class=\"wpb-content-wrapper\"><p>[vc_row full_width=&#8221;stretch_row&#8221; content_placement=&#8221;middle&#8221; el_class=&#8221;inner_banner_block&#8221; css=&#8221;.vc_custom_1564120601791{background-image: url(https:\/\/vwtuinplanten.nl\/wp-content\/uploads\/2019\/07\/inner-banner.jpg?id=101) !important;background-position: center !important;background-repeat: no-repeat !important;background-size: cover !important;}&#8221;][vc_column][vc_row_inner][vc_column_inner][vc_custom_heading text=&#8221;Om oss&#8221; font_container=&#8221;tag:h1|text_align:center|color:%23ffffff&#8221; use_theme_fonts=&#8221;yes&#8221; el_class=&#8221;inner_banner_title&#8221;][\/vc_column_inner][\/vc_row_inner][\/vc_column][\/vc_row][vc_row full_width=&#8221;stretch_row&#8221; el_class=&#8221;history_block block_space&#8221;][vc_column][vc_row_inner][vc_column_inner width=&#8221;1\/3&#8243;][vc_single_image image=&#8221;138&#8243; img_size=&#8221;full&#8221; css=&#8221;.vc_custom_1564128318533{margin-bottom: 0px !important;}&#8221;][\/vc_column_inner][vc_column_inner width=&#8221;2\/3&#8243;][vc_custom_heading text=&#8221;Om Van Woudenberg Tuinplanten&#8221; font_container=&#8221;tag:h1|text_align:left|color:%23404040&#8243; use_theme_fonts=&#8221;yes&#8221; el_class=&#8221;m20&#8243;][vc_column_text el_class=&#8221;about_text_info&#8221;]Kvalitet och service av h\u00f6gsta klass.<\/p>\n<p>Van Woudenberg Tuinplanten \u00e4r ett renodlat familjef\u00f6retag.<br \/>\nV\u00e5ra f\u00f6r\u00e4ldrar grundade f\u00f6retaget 1968 och \u00e4gnade sig \u00e5t fruktodling, men lade 1985 om produktionen till perennodling. Under \u00e5rens lopp har vi utvecklats till det vi \u00e4r i dag: en p\u00e5litlig producent av h\u00e5llbart odlade perenner av h\u00f6gsta kvalitet.<\/p>\n<p>Van Woudenberg Tuinplantens etiska k\u00e4rnv\u00e4rden har f\u00f6rblivit desamma under alla dessa \u00e5r, med tyngdpunkt p\u00e5:<\/p>\n<ul>\n<li>&#8211; ett brett produktsortiment av konstant h\u00f6g kvalitet<\/li>\n<li>&#8211; goda och varaktiga relationer med v\u00e5ra kunder<\/li>\n<li>&#8211; kundorienterad innovation<\/li>\n<li>&#8211; kreativa l\u00f6sningar.<\/li>\n<\/ul>\n<p>\u201cAlla v\u00e5ra kundrelationer \u00e4r precis lika v\u00e4rdefulla och viktiga.\u201d[\/vc_column_text][\/vc_column_inner][\/vc_row_inner][\/vc_column][\/vc_row][vc_row full_width=&#8221;stretch_row&#8221; el_class=&#8221;whyus_block block_space&#8221;][vc_column][vc_row_inner][vc_column_inner][vc_custom_heading text=&#8221;Varf\u00f6r Van Woudenberg Tuinplanten \u2026&#8221; font_container=&#8221;tag:h1|text_align:center|color:%23404040&#8243; use_theme_fonts=&#8221;yes&#8221; el_class=&#8221;m40&#8243;][vc_column_text]<\/p>\n<p style=\"text-align: center;\"><span style=\"color: #245a2a;\"><strong><em>Kvalitet \u2013 tillf\u00f6rlitlighet \u2013 flexibilitet<\/em><\/strong><\/span><\/p>\n<p style=\"text-align: center;\">Van Woudenberg Tuinplanten producerar ett brett kvalitetssortiment av perenner. Vi har en orubblig inst\u00e4llning till kvalitet, kundrelationer och \u00f6ppen kommunikation mellan leverant\u00f6r och kund.<br \/>\nVi har olika odlingsplatser i Nederl\u00e4nderna och Portugal, vilket betyder att vi snabbt och effektivt kan uppfylla v\u00e5ra kunders behov. Tack vare att vi odlar p\u00e5 plats i Portugal redan tidigt p\u00e5 \u00e5ret kan vi tillgodose efterfr\u00e5gan p\u00e5 marknaden s\u00e5 fort s\u00e4songen b\u00f6rjar.<\/p>\n<p style=\"text-align: center;\">Vi ser alltid till att v\u00e5r kundservice h\u00e5ller h\u00f6g klass och skr\u00e4ddarsydda leveranser \u00e4r en av v\u00e5ra styrkor som ger kunderna merv\u00e4rde.<br \/>\n\u00c4r det n\u00e5got s\u00e4rskilt med det? Det tycker inte vi. Det st\u00e4mmer bara med v\u00e5rt familjef\u00f6retags k\u00e4rnv\u00e4rden.<\/p>\n<p>[\/vc_column_text][\/vc_column_inner][\/vc_row_inner][\/vc_column][\/vc_row]<\/p>\n<\/div>","protected":false},"excerpt":{"rendered":"<p>[vc_row full_width=&#8221;stretch_row&#8221; content_placement=&#8221;middle&#8221; el_class=&#8221;inner_banner_block&#8221; css=&#8221;.vc_custom_1564120601791{background-image: url(https:\/\/vwtuinplanten.nl\/wp-content\/uploads\/2019\/07\/inner-banner.jpg?id=101) !important;background-position: center !important;background-repeat: no-repeat !important;background-size: cover !important;}&#8221;][vc_column][vc_row_inner][vc_column_inner][vc_custom_heading text=&#8221;Om oss&#8221; font_container=&#8221;tag:h1|text_align:center|color:%23ffffff&#8221; use_theme_fonts=&#8221;yes&#8221; el_class=&#8221;inner_banner_title&#8221;][\/vc_column_inner][\/vc_row_inner][\/vc_column][\/vc_row][vc_row full_width=&#8221;stretch_row&#8221; el_class=&#8221;history_block block_space&#8221;][vc_column][vc_row_inner][vc_column_inner width=&#8221;1\/3&#8243;][vc_single_image image=&#8221;138&#8243; img_size=&#8221;full&#8221; css=&#8221;.vc_custom_1564128318533{margin-bottom: 0px !important;}&#8221;][\/vc_column_inner][vc_column_inner width=&#8221;2\/3&#8243;][vc_custom_heading text=&#8221;Om Van Woudenberg Tuinplanten&#8221; font_container=&#8221;tag:h1|text_align:left|color:%23404040&#8243; use_theme_fonts=&#8221;yes&#8221; el_class=&#8221;m20&#8243;][vc_column_text el_class=&#8221;about_text_info&#8221;]Kvalitet och service av h\u00f6gsta klass. Van Woudenberg Tuinplanten \u00e4r ett renodlat familjef\u00f6retag. V\u00e5ra f\u00f6r\u00e4ldrar grundade f\u00f6retaget 1968 och \u00e4gnade [&hellip;]<\/p>\n","protected":false},"author":1,"featured_media":0,"parent":0,"menu_order":0,"comment_status":"closed","ping_status":"closed","template":"","meta":{"_acf_changed":false,"footnotes":""},"class_list":["post-253","page","type-page","status-publish","hentry","entry"],"acf":[],"_links":{"self":[{"href":"https:\/\/vwtuinplanten.nl\/sv\/wp-json\/wp\/v2\/pages\/253","targetHints":{"allow":["GET"]}}],"collection":[{"href":"https:\/\/vwtuinplanten.nl\/sv\/wp-json\/wp\/v2\/pages"}],"about":[{"href":"https:\/\/vwtuinplanten.nl\/sv\/wp-json\/wp\/v2\/types\/page"}],"author":[{"embeddable":true,"href":"https:\/\/vwtuinplanten.nl\/sv\/wp-json\/wp\/v2\/users\/1"}],"replies":[{"embeddable":true,"href":"https:\/\/vwtuinplanten.nl\/sv\/wp-json\/wp\/v2\/comments?post=253"}],"version-history":[{"count":17,"href":"https:\/\/vwtuinplanten.nl\/sv\/wp-json\/wp\/v2\/pages\/253\/revisions"}],"predecessor-version":[{"id":1770,"href":"https:\/\/vwtuinplanten.nl\/sv\/wp-json\/wp\/v2\/pages\/253\/revisions\/1770"}],"wp:attachment":[{"href":"https:\/\/vwtuinplanten.nl\/sv\/wp-json\/wp\/v2\/media?parent=253"}],"curies":[{"name":"wp","href":"https:\/\/api.w.org\/{rel}","templated":true}]}}