{"id":182,"date":"2019-07-26T11:27:07","date_gmt":"2019-07-26T11:27:07","guid":{"rendered":"https:\/\/vwtuinplanten.nl\/?page_id=182"},"modified":"2021-06-19T11:14:59","modified_gmt":"2021-06-19T09:14:59","slug":"mps-certificeringen","status":"publish","type":"page","link":"https:\/\/vwtuinplanten.nl\/sv\/mps-certificeringen\/","title":{"rendered":"MPS-Certifiering"},"content":{"rendered":"<div class=\"wpb-content-wrapper\"><p>[vc_row full_width=&#8221;stretch_row&#8221; content_placement=&#8221;middle&#8221; el_class=&#8221;inner_banner_block&#8221; css=&#8221;.vc_custom_1564120601791{background-image: url(https:\/\/vwtuinplanten.nl\/wp-content\/uploads\/2019\/07\/inner-banner.jpg?id=101) !important;background-position: center !important;background-repeat: no-repeat !important;background-size: cover !important;}&#8221;][vc_column][vc_row_inner][vc_column_inner][vc_custom_heading text=&#8221;MPS-Certifiering&#8221; font_container=&#8221;tag:h1|text_align:center|color:%23ffffff&#8221; use_theme_fonts=&#8221;yes&#8221; el_class=&#8221;inner_banner_title&#8221;][\/vc_column_inner][\/vc_row_inner][\/vc_column][\/vc_row][vc_row full_width=&#8221;stretch_row&#8221; el_class=&#8221;certification_block block_space&#8221;][vc_column][vc_row_inner][vc_column_inner][vc_custom_heading text=&#8221;H\u00e5llbarhet&#8221; font_container=&#8221;tag:h1|text_align:center|color:%23404040&#8243; use_theme_fonts=&#8221;yes&#8221; el_class=&#8221;m40&#8243;][vc_column_text css=&#8221;.vc_custom_1624093676720{margin-bottom: 0px !important;}&#8221; el_class=&#8221;certification_desc&#8221;]Van Woudenberg Tuinplanten st\u00e5r f\u00f6r h\u00e5llbar och ansvarsfull v\u00e4xtodling. Med v\u00e5r milj\u00f6v\u00e4nliga verksamhet f\u00f6rs\u00f6ker vi skilja oss fr\u00e5n m\u00e4ngden, vilket \u00e4ven inneb\u00e4r \u00f6ppenhet och transparens gentemot v\u00e5ra kunder och samh\u00e4llet.<\/p>\n<p>&nbsp;<\/p>\n<p>Van Woudenberg Tuinplanten \u00e4r MPS-certifierat och vi f\u00f6rb\u00e4ttrar st\u00e4ndigt v\u00e5ra produktionsprocesser. MPS-standarderna som till\u00e4mpas i v\u00e5r bransch uppgraderas regelbundet och vi efterlever dem till punkt och pricka. V\u00e5ra leverant\u00f6rer uppfyller ocks\u00e5 de h\u00f6ga kraven i MPS-certifieringen. F\u00f6rutom MPS-A, MPS-ProductProof och MPS-GAP har Van Woudenberg Tuinplanten \u00e4ven tilldelats certifieringen GRASP.[\/vc_column_text][\/vc_column_inner][\/vc_row_inner][vc_row_inner el_class=&#8221;mpa_block block_space&#8221; css=&#8221;.vc_custom_1564141853930{padding-bottom: 0px !important;}&#8221;][vc_column_inner width=&#8221;2\/5&#8243;][vc_custom_heading text=&#8221;MPS A&#8221; font_container=&#8221;tag:h3|text_align:left|color:%23245a2a&#8221; use_theme_fonts=&#8221;yes&#8221; el_class=&#8221;m20&#8243;][vc_column_text]MPs-ABC MPs-A \u00e4r en milj\u00f6m\u00e4rkning med unik standard i v\u00e4rlden. Den \u00e4r en m\u00e5ttstock p\u00e5 hur milj\u00f6v\u00e4nligt ett f\u00f6retag \u00e4r. Tilldelningen av denna milj\u00f6m\u00e4rkning inneb\u00e4r att f\u00f6retaget \u00e4r transparent om sin milj\u00f6prestanda och g\u00f6r att det skiljer sig fr\u00e5n andra producenter, den ger mer strukturerad drift och g\u00f6r f\u00f6retaget \u00f6ppnare mot samh\u00e4llet.[\/vc_column_text][\/vc_column_inner][vc_column_inner width=&#8221;1\/5&#8243;][vc_single_image image=&#8221;188&#8243; img_size=&#8221;full&#8221; alignment=&#8221;center&#8221;][\/vc_column_inner][vc_column_inner width=&#8221;2\/5&#8243;][vc_custom_heading text=&#8221;MPS GAP&#8221; font_container=&#8221;tag:h3|text_align:right|color:%23245a2a&#8221; use_theme_fonts=&#8221;yes&#8221; el_class=&#8221;m20&#8243;][vc_column_text]<\/p>\n<p style=\"text-align: right;\">MPs-ProductProof \u00e4r ett system som inneb\u00e4r att man genom registrering av v\u00e4xtskydd inom 24 timmar och oberoende stickprovstagning kan visa att vissa aktiva \u00e4mnen inte anv\u00e4nds under odlingen. MPs-ProductProof (produkts\u00e4kerhet) \u00e4r en ut\u00f6kning av milj\u00f6m\u00e4rkningen MPs-ABC (driftss\u00e4kerhet).<\/p>\n<p style=\"text-align: right;\"><strong><span style=\"color: #245a2a;\"><a style=\"color: #245a2a;\" href=\"https:\/\/vwtuinplanten.nl\/wp-content\/uploads\/2019\/07\/4502-MPS-GAP.pdf\" target=\"_blank\" rel=\"noopener noreferrer\">4502 MPS-GAP<\/a><\/span><\/strong><br \/>\n<a href=\"https:\/\/vwtuinplanten.nl\/wp-content\/uploads\/2019\/07\/4502-DEF-GRASP.pdf\" target=\"_blank\" rel=\"noopener noreferrer\"><strong><span style=\"color: #245a2a;\">4502 DEF GRASP<\/span><\/strong><\/a><\/p>\n<p>[\/vc_column_text][\/vc_column_inner][\/vc_row_inner][vc_row_inner][vc_column_inner][vc_custom_heading text=&#8221;Grasp&#8221; font_container=&#8221;tag:h1|text_align:center|color:%23404040&#8243; use_theme_fonts=&#8221;yes&#8221; el_class=&#8221;m40&#8243;][vc_column_text css=&#8221;.vc_custom_1624093758674{margin-bottom: 0px !important;}&#8221; el_class=&#8221;certification_desc&#8221;]GRASP st\u00e5r f\u00f6r Global Risk Assessment on Social Practice och \u00e4r en riskbed\u00f6mning av ett f\u00f6retags arbetsmilj\u00f6. Det omfattar de anst\u00e4lldas v\u00e4lbefinnande och l\u00f6neniv\u00e5, men \u00e4ven h\u00e4lso- och s\u00e4kerhetsaspekter. GRASP hj\u00e4lper producenter att \u00e5tg\u00e4rda problem med den sociala arbetsmilj\u00f6n och \u00f6ka medvetenheten p\u00e5 f\u00f6retagsniv\u00e5.[\/vc_column_text][vc_empty_space][\/vc_column_inner][\/vc_row_inner][vc_row_inner][vc_column_inner][vc_custom_heading text=&#8221;Bl\u00e5 \u00c4ngeln, RAL och Cyclos-HTP&#8221; font_container=&#8221;tag:h1|text_align:center|color:%23404040&#8243; use_theme_fonts=&#8221;yes&#8221; el_class=&#8221;m40&#8243;][vc_column_text css=&#8221;.vc_custom_1624093774775{margin-bottom: 0px !important;}&#8221; el_class=&#8221;certification_desc&#8221;]Van Woudenberg Tuinplanten samarbetar med certifierade leverant\u00f6rer som har tilldelats de viktigaste certifieringarna f\u00f6r leverant\u00f6rer till tr\u00e4dg\u00e5rdsbranschen.<br \/>\nDen tyska milj\u00f6m\u00e4rkningen Bl\u00e5 \u00c4ngeln kan j\u00e4mst\u00e4llas med den holl\u00e4ndska milj\u00f6m\u00e4rkningen. N\u00e4r en produkt \u00e4r m\u00e4rkt med Bl\u00e5 \u00c4ngeln har den l\u00e4gre p\u00e5verkan vad g\u00e4ller de viktigaste milj\u00f6aspekterna j\u00e4mf\u00f6rt med liknande produkter.<br \/>\nKvalitetsm\u00e4rkningen RAL betyder att oberoende kontrollorgan har bekr\u00e4ftat att de h\u00f6ga kvalitetskraven f\u00f6r produkter som anv\u00e4nds vid lagring och i industriell utrustning efterlevs.<br \/>\nCertifieringen Cyclos-HTP utf\u00e4rdas av Cyclos-HTP Institut f\u00fcr Recycling und Produktverantwortung som \u00e4r det tyska certifieringsorganet f\u00f6r \u00e5tervinning och produktansvar. Certifieringen inneb\u00e4r h\u00e5llbarare produktion och behandling av f\u00f6rpackningsmaterial.<br \/>\nDetta kommer att ta oss ett steg n\u00e4rmare en h\u00e5llbar och avfallsfri tr\u00e4dg\u00e5rdsbransch.<\/p>\n<p>H\u00e5llbarhet \u00e4r framtiden. Framf\u00f6r allt i v\u00e5r bransch d\u00e4r vi jobbar med odlade produkter \u00e4r det viktigt att man kan lita p\u00e5 sin leverant\u00f6r. Van Woudenberg Tuinplanten jobbar redan och forts\u00e4tter entr\u00e4get jobba mot en h\u00e5llbar framtid![\/vc_column_text][vc_btn title=&#8221;Kolla in v\u00e5ra certifieringar h\u00e4r&#8221; link=&#8221;url:https%3A%2F%2Fwallet.certifeye.com%2Fcertificates&#8221;][vc_column_text]<em><sub>Obs: Databasen \u00e4r endast tillg\u00e4nglig f\u00f6r MPS-ECAS-prenumeranter.<\/sub><\/em>[\/vc_column_text][\/vc_column_inner][\/vc_row_inner][vc_row_inner content_placement=&#8221;middle&#8221; el_class=&#8221;mpa_block block_space&#8221; css=&#8221;.vc_custom_1564141845333{padding-bottom: 0px !important;}&#8221;][vc_column_inner width=&#8221;1\/4&#8243;][vc_single_image image=&#8221;623&#8243; img_size=&#8221;full&#8221; el_class=&#8221;mps_img&#8221;][\/vc_column_inner][vc_column_inner width=&#8221;1\/2&#8243;][vc_single_image image=&#8221;629&#8243; img_size=&#8221;full&#8221; alignment=&#8221;center&#8221; onclick=&#8221;custom_link&#8221; link=&#8221;https:\/\/vwtuinplanten.nl\/wp-content\/uploads\/2021\/06\/VanWoudenbergMPS-GAP110821-1.pdf&#8221;][\/vc_column_inner][vc_column_inner width=&#8221;1\/4&#8243;][vc_single_image image=&#8221;621&#8243; img_size=&#8221;full&#8221; el_class=&#8221;mps_img&#8221;][\/vc_column_inner][\/vc_row_inner][vc_row_inner content_placement=&#8221;middle&#8221; el_class=&#8221;mpa_block block_space&#8221; css=&#8221;.vc_custom_1564141845333{padding-bottom: 0px !important;}&#8221;][vc_column_inner width=&#8221;1\/4&#8243;][vc_single_image image=&#8221;624&#8243; img_size=&#8221;full&#8221; el_class=&#8221;mps_img&#8221;][\/vc_column_inner][vc_column_inner width=&#8221;1\/2&#8243;][vc_single_image image=&#8221;630&#8243; img_size=&#8221;full&#8221; alignment=&#8221;center&#8221; onclick=&#8221;custom_link&#8221; link=&#8221;https:\/\/vwtuinplanten.nl\/wp-content\/uploads\/2021\/06\/MPS-ABC-24-05-2021.pdf&#8221;][\/vc_column_inner][vc_column_inner width=&#8221;1\/4&#8243;][\/vc_column_inner][\/vc_row_inner][vc_row_inner content_placement=&#8221;middle&#8221; el_class=&#8221;mpa_block block_space&#8221; css=&#8221;.vc_custom_1564141845333{padding-bottom: 0px !important;}&#8221;][vc_column_inner width=&#8221;1\/4&#8243;][\/vc_column_inner][vc_column_inner width=&#8221;1\/2&#8243;][vc_single_image image=&#8221;627&#8243; img_size=&#8221;full&#8221; alignment=&#8221;center&#8221; onclick=&#8221;custom_link&#8221; link=&#8221;https:\/\/vwtuinplanten.nl\/wp-content\/uploads\/2021\/06\/VanWoudenbergGRASP110821-2021.pdf&#8221;][\/vc_column_inner][vc_column_inner width=&#8221;1\/4&#8243;][\/vc_column_inner][\/vc_row_inner][\/vc_column][\/vc_row][vc_row][vc_column][\/vc_column][\/vc_row]<\/p>\n<\/div>","protected":false},"excerpt":{"rendered":"<p>[vc_row full_width=&#8221;stretch_row&#8221; content_placement=&#8221;middle&#8221; el_class=&#8221;inner_banner_block&#8221; css=&#8221;.vc_custom_1564120601791{background-image: url(https:\/\/vwtuinplanten.nl\/wp-content\/uploads\/2019\/07\/inner-banner.jpg?id=101) !important;background-position: center !important;background-repeat: no-repeat !important;background-size: cover !important;}&#8221;][vc_column][vc_row_inner][vc_column_inner][vc_custom_heading text=&#8221;MPS-Certifiering&#8221; font_container=&#8221;tag:h1|text_align:center|color:%23ffffff&#8221; use_theme_fonts=&#8221;yes&#8221; el_class=&#8221;inner_banner_title&#8221;][\/vc_column_inner][\/vc_row_inner][\/vc_column][\/vc_row][vc_row full_width=&#8221;stretch_row&#8221; el_class=&#8221;certification_block block_space&#8221;][vc_column][vc_row_inner][vc_column_inner][vc_custom_heading text=&#8221;H\u00e5llbarhet&#8221; font_container=&#8221;tag:h1|text_align:center|color:%23404040&#8243; use_theme_fonts=&#8221;yes&#8221; el_class=&#8221;m40&#8243;][vc_column_text css=&#8221;.vc_custom_1624093676720{margin-bottom: 0px !important;}&#8221; el_class=&#8221;certification_desc&#8221;]Van Woudenberg Tuinplanten st\u00e5r f\u00f6r h\u00e5llbar och ansvarsfull v\u00e4xtodling. Med v\u00e5r milj\u00f6v\u00e4nliga verksamhet f\u00f6rs\u00f6ker vi skilja oss fr\u00e5n m\u00e4ngden, vilket \u00e4ven inneb\u00e4r \u00f6ppenhet och transparens gentemot v\u00e5ra kunder [&hellip;]<\/p>\n","protected":false},"author":1,"featured_media":0,"parent":0,"menu_order":0,"comment_status":"closed","ping_status":"closed","template":"","meta":{"_acf_changed":false,"footnotes":""},"class_list":["post-182","page","type-page","status-publish","hentry","entry"],"acf":[],"_links":{"self":[{"href":"https:\/\/vwtuinplanten.nl\/sv\/wp-json\/wp\/v2\/pages\/182","targetHints":{"allow":["GET"]}}],"collection":[{"href":"https:\/\/vwtuinplanten.nl\/sv\/wp-json\/wp\/v2\/pages"}],"about":[{"href":"https:\/\/vwtuinplanten.nl\/sv\/wp-json\/wp\/v2\/types\/page"}],"author":[{"embeddable":true,"href":"https:\/\/vwtuinplanten.nl\/sv\/wp-json\/wp\/v2\/users\/1"}],"replies":[{"embeddable":true,"href":"https:\/\/vwtuinplanten.nl\/sv\/wp-json\/wp\/v2\/comments?post=182"}],"version-history":[{"count":34,"href":"https:\/\/vwtuinplanten.nl\/sv\/wp-json\/wp\/v2\/pages\/182\/revisions"}],"predecessor-version":[{"id":639,"href":"https:\/\/vwtuinplanten.nl\/sv\/wp-json\/wp\/v2\/pages\/182\/revisions\/639"}],"wp:attachment":[{"href":"https:\/\/vwtuinplanten.nl\/sv\/wp-json\/wp\/v2\/media?parent=182"}],"curies":[{"name":"wp","href":"https:\/\/api.w.org\/{rel}","templated":true}]}}