{"id":137,"date":"2019-07-26T08:08:57","date_gmt":"2019-07-26T08:08:57","guid":{"rendered":"https:\/\/vwtuinplanten.nl\/?page_id=137"},"modified":"2019-08-05T10:11:11","modified_gmt":"2019-08-05T10:11:11","slug":"geschiedenis","status":"publish","type":"page","link":"https:\/\/vwtuinplanten.nl\/sv\/geschiedenis\/","title":{"rendered":"Historik"},"content":{"rendered":"<div class=\"wpb-content-wrapper\"><p>[vc_row full_width=&#8221;stretch_row&#8221; content_placement=&#8221;middle&#8221; el_class=&#8221;inner_banner_block&#8221; css=&#8221;.vc_custom_1564120601791{background-image: url(https:\/\/vwtuinplanten.nl\/wp-content\/uploads\/2019\/07\/inner-banner.jpg?id=101) !important;background-position: center !important;background-repeat: no-repeat !important;background-size: cover !important;}&#8221;][vc_column][vc_row_inner][vc_column_inner][vc_custom_heading text=&#8221;Historik&#8221; font_container=&#8221;tag:h1|text_align:center|color:%23ffffff&#8221; use_theme_fonts=&#8221;yes&#8221; el_class=&#8221;inner_banner_title&#8221;][\/vc_column_inner][\/vc_row_inner][\/vc_column][\/vc_row][vc_row full_width=&#8221;stretch_row&#8221; el_class=&#8221;history_block block_space&#8221;][vc_column][vc_row_inner][vc_column_inner width=&#8221;1\/3&#8243;][vc_single_image image=&#8221;138&#8243; img_size=&#8221;full&#8221; css=&#8221;.vc_custom_1564128318533{margin-bottom: 0px !important;}&#8221;][\/vc_column_inner][vc_column_inner width=&#8221;2\/3&#8243;][vc_custom_heading text=&#8221;Familjef\u00f6retag fr\u00e5n f\u00f6rsta b\u00f6rjan fram till i dag&#8221; font_container=&#8221;tag:h1|text_align:left|color:%23404040&#8243; use_theme_fonts=&#8221;yes&#8221; el_class=&#8221;m20&#8243;][vc_column_text]Bert och Gerry van Woudenberg grundade Van Woudenberg Tuinplanten som ett vanligt fruktodlingsf\u00f6retag 1968 i Zevenhuizen. Efter en brand 1985 b\u00f6rjade de odla perenner, vilket visade sig vara en positiv omst\u00e4llning f\u00f6r f\u00f6retaget. Sedan 1990 har f\u00f6retaget odlat prydnadsv\u00e4xter och gradvis utvecklats till det vi \u00e4r i dag.<\/p>\n<p>Andra generationens intr\u00e4de i f\u00f6retaget ledde till en markant tillv\u00e4xt, men tillv\u00e4xten har inte p\u00e5verkat Van Woudenbergs traditionella v\u00e4rdegrund: att forts\u00e4tta producera kvalitetsprodukter, att behandla alla kunder lika och att tillgodose kundernas \u00f6nskem\u00e5l.<br \/>\nVi h\u00e5ller alltid vad vi lovar.[\/vc_column_text][\/vc_column_inner][\/vc_row_inner][\/vc_column][\/vc_row]<\/p>\n<\/div>","protected":false},"excerpt":{"rendered":"<p>[vc_row full_width=&#8221;stretch_row&#8221; content_placement=&#8221;middle&#8221; el_class=&#8221;inner_banner_block&#8221; css=&#8221;.vc_custom_1564120601791{background-image: url(https:\/\/vwtuinplanten.nl\/wp-content\/uploads\/2019\/07\/inner-banner.jpg?id=101) !important;background-position: center !important;background-repeat: no-repeat !important;background-size: cover !important;}&#8221;][vc_column][vc_row_inner][vc_column_inner][vc_custom_heading text=&#8221;Historik&#8221; font_container=&#8221;tag:h1|text_align:center|color:%23ffffff&#8221; use_theme_fonts=&#8221;yes&#8221; el_class=&#8221;inner_banner_title&#8221;][\/vc_column_inner][\/vc_row_inner][\/vc_column][\/vc_row][vc_row full_width=&#8221;stretch_row&#8221; el_class=&#8221;history_block block_space&#8221;][vc_column][vc_row_inner][vc_column_inner width=&#8221;1\/3&#8243;][vc_single_image image=&#8221;138&#8243; img_size=&#8221;full&#8221; css=&#8221;.vc_custom_1564128318533{margin-bottom: 0px !important;}&#8221;][\/vc_column_inner][vc_column_inner width=&#8221;2\/3&#8243;][vc_custom_heading text=&#8221;Familjef\u00f6retag fr\u00e5n f\u00f6rsta b\u00f6rjan fram till i dag&#8221; font_container=&#8221;tag:h1|text_align:left|color:%23404040&#8243; use_theme_fonts=&#8221;yes&#8221; el_class=&#8221;m20&#8243;][vc_column_text]Bert och Gerry van Woudenberg grundade Van Woudenberg Tuinplanten som ett vanligt fruktodlingsf\u00f6retag 1968 i Zevenhuizen. Efter en [&hellip;]<\/p>\n","protected":false},"author":1,"featured_media":0,"parent":0,"menu_order":0,"comment_status":"closed","ping_status":"closed","template":"","meta":{"_acf_changed":false,"footnotes":""},"class_list":["post-137","page","type-page","status-publish","hentry","entry"],"acf":[],"_links":{"self":[{"href":"https:\/\/vwtuinplanten.nl\/sv\/wp-json\/wp\/v2\/pages\/137","targetHints":{"allow":["GET"]}}],"collection":[{"href":"https:\/\/vwtuinplanten.nl\/sv\/wp-json\/wp\/v2\/pages"}],"about":[{"href":"https:\/\/vwtuinplanten.nl\/sv\/wp-json\/wp\/v2\/types\/page"}],"author":[{"embeddable":true,"href":"https:\/\/vwtuinplanten.nl\/sv\/wp-json\/wp\/v2\/users\/1"}],"replies":[{"embeddable":true,"href":"https:\/\/vwtuinplanten.nl\/sv\/wp-json\/wp\/v2\/comments?post=137"}],"version-history":[{"count":6,"href":"https:\/\/vwtuinplanten.nl\/sv\/wp-json\/wp\/v2\/pages\/137\/revisions"}],"predecessor-version":[{"id":286,"href":"https:\/\/vwtuinplanten.nl\/sv\/wp-json\/wp\/v2\/pages\/137\/revisions\/286"}],"wp:attachment":[{"href":"https:\/\/vwtuinplanten.nl\/sv\/wp-json\/wp\/v2\/media?parent=137"}],"curies":[{"name":"wp","href":"https:\/\/api.w.org\/{rel}","templated":true}]}}