{"id":100,"date":"2019-07-26T05:57:07","date_gmt":"2019-07-26T05:57:07","guid":{"rendered":"https:\/\/vwtuinplanten.nl\/?page_id=100"},"modified":"2026-04-16T23:12:49","modified_gmt":"2026-04-16T21:12:49","slug":"onze-mensen","status":"publish","type":"page","link":"https:\/\/vwtuinplanten.nl\/sv\/onze-mensen\/","title":{"rendered":"Teamet p\u00e5 Van Woudenberg Tuinplanten"},"content":{"rendered":"<div class=\"wpb-content-wrapper\"><p>[vc_row full_width=&#8221;stretch_row&#8221; content_placement=&#8221;middle&#8221; el_class=&#8221;inner_banner_block&#8221; css=&#8221;.vc_custom_1564120601791{background-image: url(https:\/\/vwtuinplanten.nl\/wp-content\/uploads\/2019\/07\/inner-banner.jpg?id=101) !important;background-position: center !important;background-repeat: no-repeat !important;background-size: cover !important;}&#8221;][vc_column][vc_row_inner][vc_column_inner][vc_custom_heading text=&#8221;Teamet p\u00e5 Van Woudenberg Tuinplanten&#8221; font_container=&#8221;tag:h1|text_align:center|color:%23ffffff&#8221; use_theme_fonts=&#8221;yes&#8221; el_class=&#8221;inner_banner_title&#8221;][\/vc_column_inner][\/vc_row_inner][\/vc_column][\/vc_row][vc_row full_width=&#8221;stretch_row&#8221; el_class=&#8221;people_block block_space&#8221;][vc_column][vc_custom_heading text=&#8221;Ledningsgruppen p\u00e5 Van Woudenberg Tuinplanten&#8221; font_container=&#8221;tag:h1|text_align:center|color:%23404040&#8243; use_theme_fonts=&#8221;yes&#8221; el_class=&#8221;m40&#8243;][vc_row_inner][vc_column_inner width=&#8221;1\/6&#8243;][\/vc_column_inner][vc_column_inner width=&#8221;2\/3&#8243;][vc_column_text css=&#8221;.vc_custom_1617008744621{margin-bottom: 0px !important;}&#8221; el_class=&#8221;people_desc&#8221;]<\/p>\n<p style=\"text-align: center;\">Van Woudenberg Tuinplanten BV har mycket kunnig personal med m\u00e5ng\u00e5rig praktisk erfarenhet. De vet allt om odling och leverans av perenner. V\u00e5rt lilla sammansvetsade team st\u00e5r g\u00e4rna till din tj\u00e4nst. F\u00f6r att du ska veta vem du ska kontakta vill vi g\u00e4rna presentera dem f\u00f6r dig.<\/p>\n<p>[\/vc_column_text][\/vc_column_inner][vc_column_inner width=&#8221;1\/6&#8243;][\/vc_column_inner][\/vc_row_inner][\/vc_column][\/vc_row][vc_row full_width=&#8221;stretch_row&#8221; gap=&#8221;20&#8243; equal_height=&#8221;yes&#8221; el_class=&#8221;our_people_members block_space&#8221;][vc_column][vc_row_inner content_placement=&#8221;middle&#8221; el_class=&#8221;members_row&#8221;][vc_column_inner width=&#8221;1\/4&#8243;][vc_single_image image=&#8221;1432&#8243; img_size=&#8221;full&#8221; css=&#8221;&#8221; el_class=&#8221;member_img&#8221;][\/vc_column_inner][vc_column_inner width=&#8221;3\/4&#8243;][vc_custom_heading text=&#8221;Rick van Woudenberg&#8221; font_container=&#8221;tag:h3|text_align:left|color:%23404040&#8243; use_theme_fonts=&#8221;yes&#8221;][vc_column_text css=&#8221;.vc_custom_1565000529989{margin-bottom: 0px !important;}&#8221; el_class=&#8221;member_desc&#8221;]F\u00f6retagets vd som ansvarar f\u00f6r den kommersiella verksamheten och produktkvaliteten. Dessutom leder han st\u00f6rre, l\u00e5ngvariga projekt och sk\u00f6ter kontakten med v\u00e5ra kunder f\u00f6r att tillvarata deras specifika \u00f6nskem\u00e5l.[\/vc_column_text][\/vc_column_inner][\/vc_row_inner][vc_row_inner content_placement=&#8221;middle&#8221; el_class=&#8221;members_row&#8221;][vc_column_inner width=&#8221;3\/4&#8243;][vc_custom_heading text=&#8221;Grazyna van Woudenberg&#8221; font_container=&#8221;tag:h3|text_align:right|color:%23404040&#8243; use_theme_fonts=&#8221;yes&#8221; css=&#8221;&#8221;][vc_column_text css=&#8221;.vc_custom_1742909433622{margin-bottom: 0px !important;}&#8221; el_class=&#8221;member_desc&#8221;]<\/p>\n<p style=\"text-align: right;\">Sk\u00f6ter HR, bist\u00e5r vid personalledningen och sk\u00f6ter kontakten med bemannings- och rekryteringsf\u00f6retag.<\/p>\n<p>[\/vc_column_text][\/vc_column_inner][vc_column_inner width=&#8221;1\/4&#8243;][vc_single_image image=&#8221;1736&#8243; img_size=&#8221;200&#215;200&#8243; alignment=&#8221;right&#8221; css=&#8221;&#8221; el_class=&#8221;member_img&#8221;][\/vc_column_inner][\/vc_row_inner][vc_row_inner content_placement=&#8221;middle&#8221; el_class=&#8221;members_row&#8221;][vc_column_inner width=&#8221;1\/4&#8243;][vc_single_image image=&#8221;329&#8243; img_size=&#8221;200&#215;200&#8243; css=&#8221;&#8221; el_class=&#8221;member_img&#8221;][\/vc_column_inner][vc_column_inner width=&#8221;3\/4&#8243;][vc_custom_heading text=&#8221;Gerbert van Woudenberg&#8221; font_container=&#8221;tag:h3|text_align:left|color:%23404040&#8243; use_theme_fonts=&#8221;yes&#8221; css=&#8221;&#8221;][vc_column_text css=&#8221;.vc_custom_1742909552476{margin-bottom: 0px !important;}&#8221; el_class=&#8221;member_desc&#8221;]\u00c4r operativ chef och orderhandledare[\/vc_column_text][\/vc_column_inner][\/vc_row_inner][vc_row_inner content_placement=&#8221;middle&#8221; el_class=&#8221;members_row&#8221;][vc_column_inner width=&#8221;3\/4&#8243;][vc_custom_heading text=&#8221;Hans van Beek&#8221; font_container=&#8221;tag:h3|text_align:right|color:%23404040&#8243; use_theme_fonts=&#8221;yes&#8221; css=&#8221;&#8221;][vc_column_text css=&#8221;.vc_custom_1728563780482{margin-bottom: 0px !important;}&#8221; el_class=&#8221;member_desc&#8221;]<\/p>\n<p style=\"text-align: right;\">Ansvarar f\u00f6r allt som har med odling i allm\u00e4nhet att g\u00f6ra och i synnerhet f\u00f6r produktkvaliteten p\u00e5 samtliga produktionsenheter.<\/p>\n<p>[\/vc_column_text][\/vc_column_inner][vc_column_inner width=&#8221;1\/4&#8243;][vc_single_image image=&#8221;363&#8243; img_size=&#8221;full&#8221; alignment=&#8221;right&#8221; css=&#8221;&#8221; el_class=&#8221;member_img&#8221;][\/vc_column_inner][\/vc_row_inner][vc_row_inner content_placement=&#8221;middle&#8221; el_class=&#8221;members_row&#8221;][vc_column_inner width=&#8221;1\/4&#8243;][vc_single_image image=&#8221;1719&#8243; img_size=&#8221;full&#8221; css=&#8221;&#8221; el_class=&#8221;member_img&#8221;][\/vc_column_inner][vc_column_inner width=&#8221;3\/4&#8243;][vc_custom_heading text=&#8221;Ewa Wisniewska&#8221; font_container=&#8221;tag:h3|text_align:left|color:%23404040&#8243; use_theme_fonts=&#8221;yes&#8221; css=&#8221;&#8221;][vc_column_text css=&#8221;.vc_custom_1742909411558{margin-bottom: 0px !important;}&#8221; el_class=&#8221;member_desc&#8221;]\u00c4r Key account manager hos v\u00e5ra partners och ansvarig f\u00f6r orderhantering.[\/vc_column_text][\/vc_column_inner][vc_column_inner][\/vc_column_inner][\/vc_row_inner][\/vc_column][\/vc_row][vc_row][vc_column][vc_row_inner content_placement=&#8221;middle&#8221; el_class=&#8221;members_row&#8221;][vc_column_inner width=&#8221;3\/4&#8243;][vc_custom_heading text=&#8221;Gert Hoogendoorn&#8221; font_container=&#8221;tag:h3|text_align:right|color:%23404040&#8243; use_theme_fonts=&#8221;yes&#8221;][vc_column_text css=&#8221;.vc_custom_1617009232044{margin-bottom: 0px !important;}&#8221; el_class=&#8221;member_desc&#8221;]<\/p>\n<p style=\"text-align: right;\">Som logistikchef \u00e4r han f\u00f6rst och fr\u00e4mst ansvarig f\u00f6r snabb och exakt logistik.<\/p>\n<p>[\/vc_column_text][\/vc_column_inner][vc_column_inner width=&#8221;1\/4&#8243;][vc_single_image image=&#8221;559&#8243; img_size=&#8221;full&#8221; alignment=&#8221;right&#8221; el_class=&#8221;member_img&#8221;][\/vc_column_inner][\/vc_row_inner][vc_row_inner content_placement=&#8221;middle&#8221; el_class=&#8221;members_row&#8221;][vc_column_inner width=&#8221;1\/4&#8243;][vc_single_image image=&#8221;1708&#8243; img_size=&#8221;full&#8221; css=&#8221;&#8221; el_class=&#8221;member_img&#8221;][\/vc_column_inner][vc_column_inner width=&#8221;3\/4&#8243;][vc_custom_heading text=&#8221;Bert Steenks&#8221; font_container=&#8221;tag:h3|text_align:left|color:%23404040&#8243; use_theme_fonts=&#8221;yes&#8221; css=&#8221;&#8221;][vc_column_text css=&#8221;.vc_custom_1728563896992{margin-bottom: 0px !important;}&#8221; el_class=&#8221;member_desc&#8221;]Ansvarar f\u00f6r allt som har med odling i allm\u00e4nhet att g\u00f6ra och i synnerhet f\u00f6r produktkvaliteten p\u00e5 samtliga produktionsenheter.[\/vc_column_text][\/vc_column_inner][vc_column_inner][\/vc_column_inner][\/vc_row_inner][vc_row_inner content_placement=&#8221;middle&#8221; el_class=&#8221;members_row&#8221;][vc_column_inner width=&#8221;3\/4&#8243;][vc_custom_heading text=&#8221;Laurens Koole&#8221; font_container=&#8221;tag:h3|text_align:right|color:%23404040&#8243; use_theme_fonts=&#8221;yes&#8221; css=&#8221;&#8221;][vc_column_text css=&#8221;.vc_custom_1742486014068{margin-bottom: 0px !important;}&#8221; el_class=&#8221;member_desc&#8221;]<\/p>\n<p style=\"text-align: right;\">Ansvarar f\u00f6r att leda de olika teamen.<\/p>\n<p>[\/vc_column_text][\/vc_column_inner][vc_column_inner width=&#8221;1\/4&#8243;][vc_single_image image=&#8221;1705&#8243; img_size=&#8221;200&#215;200&#8243; alignment=&#8221;right&#8221; css=&#8221;&#8221; el_class=&#8221;member_img&#8221;][\/vc_column_inner][\/vc_row_inner][vc_row_inner content_placement=&#8221;middle&#8221; el_class=&#8221;members_row&#8221;][vc_column_inner width=&#8221;1\/4&#8243;][vc_single_image image=&#8221;1726&#8243; img_size=&#8221;full&#8221; css=&#8221;&#8221; el_class=&#8221;member_img&#8221;][\/vc_column_inner][vc_column_inner width=&#8221;3\/4&#8243;][vc_custom_heading text=&#8221;Helen van der Wouden&#8221; font_container=&#8221;tag:h3|text_align:left|color:%23404040&#8243; use_theme_fonts=&#8221;yes&#8221; css=&#8221;&#8221;][vc_column_text css=&#8221;.vc_custom_1742819021431{margin-bottom: 0px !important;}&#8221; el_class=&#8221;member_desc&#8221;]Ansvarar f\u00f6r den ekonomiska administrationen.[\/vc_column_text][\/vc_column_inner][vc_column_inner][\/vc_column_inner][\/vc_row_inner][vc_row_inner content_placement=&#8221;middle&#8221; el_class=&#8221;members_row&#8221;][vc_column_inner width=&#8221;3\/4&#8243;][vc_custom_heading text=&#8221;Rianne van der Ham&#8221; font_container=&#8221;tag:h3|text_align:right|color:%23404040&#8243; use_theme_fonts=&#8221;yes&#8221; css=&#8221;&#8221;][vc_column_text css=&#8221;.vc_custom_1742819100536{margin-bottom: 0px !important;}&#8221; el_class=&#8221;member_desc&#8221;]<\/p>\n<p style=\"text-align: right;\">Ansvarar f\u00f6r timadministrationen.<\/p>\n<p>[\/vc_column_text][\/vc_column_inner][vc_column_inner width=&#8221;1\/4&#8243;][vc_single_image image=&#8221;1734&#8243; img_size=&#8221;200&#215;200&#8243; alignment=&#8221;right&#8221; css=&#8221;&#8221; el_class=&#8221;member_img&#8221;][\/vc_column_inner][\/vc_row_inner][vc_column_text]<\/p>\n<p style=\"text-align: center;\">Under h\u00f6gs\u00e4song anlitar vi s\u00e4songsanst\u00e4llda i stor utstr\u00e4ckning.<\/p>\n<p>[\/vc_column_text][\/vc_column][\/vc_row]<\/p>\n<\/div>","protected":false},"excerpt":{"rendered":"<p>[vc_row full_width=&#8221;stretch_row&#8221; content_placement=&#8221;middle&#8221; el_class=&#8221;inner_banner_block&#8221; css=&#8221;.vc_custom_1564120601791{background-image: url(https:\/\/vwtuinplanten.nl\/wp-content\/uploads\/2019\/07\/inner-banner.jpg?id=101) !important;background-position: center !important;background-repeat: no-repeat !important;background-size: cover !important;}&#8221;][vc_column][vc_row_inner][vc_column_inner][vc_custom_heading text=&#8221;Teamet p\u00e5 Van Woudenberg Tuinplanten&#8221; font_container=&#8221;tag:h1|text_align:center|color:%23ffffff&#8221; use_theme_fonts=&#8221;yes&#8221; el_class=&#8221;inner_banner_title&#8221;][\/vc_column_inner][\/vc_row_inner][\/vc_column][\/vc_row][vc_row full_width=&#8221;stretch_row&#8221; el_class=&#8221;people_block block_space&#8221;][vc_column][vc_custom_heading text=&#8221;Ledningsgruppen p\u00e5 Van Woudenberg Tuinplanten&#8221; font_container=&#8221;tag:h1|text_align:center|color:%23404040&#8243; use_theme_fonts=&#8221;yes&#8221; el_class=&#8221;m40&#8243;][vc_row_inner][vc_column_inner width=&#8221;1\/6&#8243;][\/vc_column_inner][vc_column_inner width=&#8221;2\/3&#8243;][vc_column_text css=&#8221;.vc_custom_1617008744621{margin-bottom: 0px !important;}&#8221; el_class=&#8221;people_desc&#8221;] Van Woudenberg Tuinplanten BV har mycket kunnig personal med m\u00e5ng\u00e5rig praktisk erfarenhet. De vet allt om odling [&hellip;]<\/p>\n","protected":false},"author":1,"featured_media":0,"parent":0,"menu_order":0,"comment_status":"closed","ping_status":"closed","template":"","meta":{"_acf_changed":false,"footnotes":""},"class_list":["post-100","page","type-page","status-publish","hentry","entry"],"acf":[],"_links":{"self":[{"href":"https:\/\/vwtuinplanten.nl\/sv\/wp-json\/wp\/v2\/pages\/100","targetHints":{"allow":["GET"]}}],"collection":[{"href":"https:\/\/vwtuinplanten.nl\/sv\/wp-json\/wp\/v2\/pages"}],"about":[{"href":"https:\/\/vwtuinplanten.nl\/sv\/wp-json\/wp\/v2\/types\/page"}],"author":[{"embeddable":true,"href":"https:\/\/vwtuinplanten.nl\/sv\/wp-json\/wp\/v2\/users\/1"}],"replies":[{"embeddable":true,"href":"https:\/\/vwtuinplanten.nl\/sv\/wp-json\/wp\/v2\/comments?post=100"}],"version-history":[{"count":199,"href":"https:\/\/vwtuinplanten.nl\/sv\/wp-json\/wp\/v2\/pages\/100\/revisions"}],"predecessor-version":[{"id":2117,"href":"https:\/\/vwtuinplanten.nl\/sv\/wp-json\/wp\/v2\/pages\/100\/revisions\/2117"}],"wp:attachment":[{"href":"https:\/\/vwtuinplanten.nl\/sv\/wp-json\/wp\/v2\/media?parent=100"}],"curies":[{"name":"wp","href":"https:\/\/api.w.org\/{rel}","templated":true}]}}