{"id":345,"date":"2019-10-31T07:50:09","date_gmt":"2019-10-31T06:50:09","guid":{"rendered":"https:\/\/vwtuinplanten.nl\/?page_id=345"},"modified":"2021-05-31T19:48:43","modified_gmt":"2021-05-31T17:48:43","slug":"duurzaamheid","status":"publish","type":"page","link":"https:\/\/vwtuinplanten.nl\/de\/duurzaamheid\/","title":{"rendered":"Nachhaltigkeit"},"content":{"rendered":"<div class=\"wpb-content-wrapper\"><p>[vc_row full_width=&#187;stretch_row&#187; content_placement=&#187;middle&#187; el_class=&#187;inner_banner_block&#187; css=&#187;.vc_custom_1572515193856{background-image: url(https:\/\/vwtuinplanten.nl\/wp-content\/uploads\/2019\/10\/duurzaamheid-1920.jpg?id=353) !important;background-position: center !important;background-repeat: no-repeat !important;background-size: cover !important;}&#187;][vc_column][vc_row_inner][vc_column_inner][vc_custom_heading text=&#187;Nachhaltigkeit&#187; font_container=&#187;tag:h1|text_align:center|color:%23ffffff&#187; use_theme_fonts=&#187;yes&#187; el_class=&#187;inner_banner_title&#187;][\/vc_column_inner][\/vc_row_inner][\/vc_column][\/vc_row][vc_row full_width=&#187;stretch_row&#187; el_class=&#187;people_block block_space&#187;][vc_column][vc_custom_heading text=&#187;Nachhaltigkeit auf allen Ebenen&#187; font_container=&#187;tag:h1|text_align:center|color:%23404040&#8243; use_theme_fonts=&#187;yes&#187; el_class=&#187;m40&#8243;][vc_row_inner el_class=&#187;duurzamheidRow&#187;][vc_column_inner width=&#187;1\/2&#8243;][vc_single_image image=&#187;396&#8243; img_size=&#187;full&#187; alignment=&#187;right&#187; el_class=&#187;sideImg&#187;][vc_single_image image=&#187;41&#8243; img_size=&#187;full&#187; alignment=&#187;right&#187; el_class=&#187;video_icon_box video_modal_btn&#187; el_id=&#187;0zy2mKqk7xg&#187;][\/vc_column_inner][vc_column_inner width=&#187;1\/2&#8243;][vc_column_text el_class=&#187;rightTextBox&#187;]Um Nachhaltigkeit zu einem nat\u00fcrlichen Bestandteil unserer Prozesse und Innovationen zu machen, haben wir bei Van Woudenberg Tuinplanten verschiedene Ma\u00dfnahmen ergriffen.[\/vc_column_text][\/vc_column_inner][\/vc_row_inner][vc_row_inner el_class=&#187;duurzamheidRow&#187;][vc_column_inner width=&#187;1\/2&#8243;][vc_column_text el_class=&#187;rightTextBox&#187;]<\/p>\n<h3>Recycling von Kunststoffen<\/h3>\n<p>Van Woudenberg Tuinplanten hat auf Kunststoff T\u00f6pfe aus recyceltem kohlenstofffreiem Material umgestellt. Es besteht eine intensive Zusammenarbeit mit den Partnern, um einen geschlossenen Kreis f\u00fcr das Recycling zu erhalten.[\/vc_column_text][\/vc_column_inner][vc_column_inner width=&#187;1\/2&#8243;][vc_single_image image=&#187;394&#8243; img_size=&#187;full&#187; alignment=&#187;right&#187; el_class=&#187;sideImg&#187;][\/vc_column_inner][\/vc_row_inner][vc_row_inner el_class=&#187;duurzamheidRow&#187;][vc_column_inner width=&#187;1\/2&#8243;][vc_single_image image=&#187;395&#8243; img_size=&#187;full&#187; alignment=&#187;right&#187; el_class=&#187;sideImg&#187;][\/vc_column_inner][vc_column_inner width=&#187;1\/2&#8243;][vc_column_text el_class=&#187;rightTextBox&#187;]<\/p>\n<h3>Nat\u00fcrlicher Wachstum Prozess und nat\u00fcrliche Balance<\/h3>\n<p>Van Woudenberg Tuinplanten unterscheidet sich durch ihr Anbausystem. Die Pflanzen befinden sich mindestens ein Jahr lang im Boden, bevor sie in den Topf gegeben werden, was die Pflanzen weniger anf\u00e4llig f\u00fcr Krankheiten macht. Dies reduziert den Bedarf an chemischen Anwendungen. Davon profitieren auch die vielen Bienen und Schmetterling Pflanzen, die durch Van Woudenberg Tuinplanten angebaut werden. Der Einsatz weniger Chemikalien wird dem nat\u00fcrlichen Gleichgewicht zugutekommen. Dar\u00fcber hinaus f\u00fchrt dieser l\u00e4ngere Wachstum Prozess zu geringerem Verlust von Produkten und geringeren Kosten.[\/vc_column_text][\/vc_column_inner][\/vc_row_inner][vc_row_inner el_class=&#187;duurzamheidRow&#187;][vc_column_inner width=&#187;1\/2&#8243;][vc_column_text el_class=&#187;rightTextBox&#187;]<\/p>\n<h3>Recycling von Wasser<\/h3>\n<p>Van Woudenberg Tuinplanten fangen \u00fcbersch\u00fcssiges gegossenes Wasser. Das gegossene Wasser wird zusammen mit dem Regenwasser \u00fcber eine Pufferschicht mit Lavasteinen gesammelt und wiederverwendet. Dabei werden auch die ausgewaschenen D\u00fcngemittel wiederverwendet. Van Woudenberg Tuinplanten bem\u00fcht sich, im Hinblick auf den Wasserverbrauch, so autark wie m\u00f6glich zu sein.[\/vc_column_text][\/vc_column_inner][vc_column_inner width=&#187;1\/2&#8243;][vc_single_image image=&#187;357&#8243; img_size=&#187;full&#187; alignment=&#187;right&#187; el_class=&#187;sideImg&#187;][\/vc_column_inner][\/vc_row_inner][vc_row_inner el_class=&#187;duurzamheidRow&#187;][vc_column_inner width=&#187;1\/2&#8243;][vc_single_image image=&#187;358&#8243; img_size=&#187;full&#187; alignment=&#187;right&#187; el_class=&#187;sideImg&#187;][\/vc_column_inner][vc_column_inner width=&#187;1\/2&#8243;][vc_column_text el_class=&#187;rightTextBox&#187;]<\/p>\n<h3>Fossilen Brennstoffen<\/h3>\n<p>Die Gew\u00e4chsh\u00e4user von Van Woudenberg Tuinplanten werden nicht mit fossilen Brennstoffen beheizt. Sie benutzen die Restw\u00e4rme der angrenzenden Tomatenanbau, um die Gew\u00e4chsh\u00e4user frostfrei zu halten. F\u00fcr die interne Logistik hat Van Woudenberg Tuinplanten auf elektrische Transportwagen umgestellt.<br \/>\nDar\u00fcber hinaus werden die M\u00f6glichkeiten die Bef\u00f6rderung des Zuges f\u00fcr die externe Logistik untersucht.[\/vc_column_text][\/vc_column_inner][\/vc_row_inner][vc_row_inner el_class=&#187;duurzamheidRow&#187;][vc_column_inner width=&#187;1\/2&#8243;][vc_column_text el_class=&#187;rightTextBox&#187;]<\/p>\n<h3>Hauptpartner<\/h3>\n<p>Van Woudenberg Tuinplanten ist gemeinsam mit den Hauptpartnern f\u00fchrend bei der Nachhaltigkeit von Produkten. Der handwerkliche Prozess des Wachstums kommt der Qualit\u00e4t zugute und Qualit\u00e4t bestimmt unsere Rendite. Die Qualit\u00e4t unserer Produkte macht den Unterschied aus![\/vc_column_text][\/vc_column_inner][vc_column_inner width=&#187;1\/2&#8243;][vc_single_image image=&#187;356&#8243; img_size=&#187;full&#187; alignment=&#187;right&#187; el_class=&#187;sideImg&#187;][\/vc_column_inner][\/vc_row_inner][\/vc_column][\/vc_row]<\/p>\n<\/div>","protected":false},"excerpt":{"rendered":"<p>[vc_row full_width=&#187;stretch_row&#187; content_placement=&#187;middle&#187; el_class=&#187;inner_banner_block&#187; css=&#187;.vc_custom_1572515193856{background-image: url(https:\/\/vwtuinplanten.nl\/wp-content\/uploads\/2019\/10\/duurzaamheid-1920.jpg?id=353) !important;background-position: center !important;background-repeat: no-repeat !important;background-size: cover !important;}&#187;][vc_column][vc_row_inner][vc_column_inner][vc_custom_heading text=&#187;Nachhaltigkeit&#187; font_container=&#187;tag:h1|text_align:center|color:%23ffffff&#187; use_theme_fonts=&#187;yes&#187; el_class=&#187;inner_banner_title&#187;][\/vc_column_inner][\/vc_row_inner][\/vc_column][\/vc_row][vc_row full_width=&#187;stretch_row&#187; el_class=&#187;people_block block_space&#187;][vc_column][vc_custom_heading text=&#187;Nachhaltigkeit auf allen Ebenen&#187; font_container=&#187;tag:h1|text_align:center|color:%23404040&#8243; use_theme_fonts=&#187;yes&#187; el_class=&#187;m40&#8243;][vc_row_inner el_class=&#187;duurzamheidRow&#187;][vc_column_inner width=&#187;1\/2&#8243;][vc_single_image image=&#187;396&#8243; img_size=&#187;full&#187; alignment=&#187;right&#187; el_class=&#187;sideImg&#187;][vc_single_image image=&#187;41&#8243; img_size=&#187;full&#187; alignment=&#187;right&#187; el_class=&#187;video_icon_box video_modal_btn&#187; el_id=&#187;0zy2mKqk7xg&#187;][\/vc_column_inner][vc_column_inner width=&#187;1\/2&#8243;][vc_column_text el_class=&#187;rightTextBox&#187;]Um Nachhaltigkeit zu einem nat\u00fcrlichen Bestandteil unserer Prozesse und Innovationen zu machen, haben wir bei [&hellip;]<\/p>\n","protected":false},"author":1,"featured_media":357,"parent":0,"menu_order":0,"comment_status":"closed","ping_status":"closed","template":"","meta":{"_acf_changed":false,"footnotes":""},"class_list":["post-345","page","type-page","status-publish","has-post-thumbnail","hentry","entry"],"acf":[],"_links":{"self":[{"href":"https:\/\/vwtuinplanten.nl\/de\/wp-json\/wp\/v2\/pages\/345","targetHints":{"allow":["GET"]}}],"collection":[{"href":"https:\/\/vwtuinplanten.nl\/de\/wp-json\/wp\/v2\/pages"}],"about":[{"href":"https:\/\/vwtuinplanten.nl\/de\/wp-json\/wp\/v2\/types\/page"}],"author":[{"embeddable":true,"href":"https:\/\/vwtuinplanten.nl\/de\/wp-json\/wp\/v2\/users\/1"}],"replies":[{"embeddable":true,"href":"https:\/\/vwtuinplanten.nl\/de\/wp-json\/wp\/v2\/comments?post=345"}],"version-history":[{"count":31,"href":"https:\/\/vwtuinplanten.nl\/de\/wp-json\/wp\/v2\/pages\/345\/revisions"}],"predecessor-version":[{"id":618,"href":"https:\/\/vwtuinplanten.nl\/de\/wp-json\/wp\/v2\/pages\/345\/revisions\/618"}],"wp:featuredmedia":[{"embeddable":true,"href":"https:\/\/vwtuinplanten.nl\/de\/wp-json\/wp\/v2\/media\/357"}],"wp:attachment":[{"href":"https:\/\/vwtuinplanten.nl\/de\/wp-json\/wp\/v2\/media?parent=345"}],"curies":[{"name":"wp","href":"https:\/\/api.w.org\/{rel}","templated":true}]}}