{"id":253,"date":"2019-08-02T10:37:57","date_gmt":"2019-08-02T10:37:57","guid":{"rendered":"https:\/\/vwtuinplanten.nl\/?page_id=253"},"modified":"2025-03-25T17:31:12","modified_gmt":"2025-03-25T16:31:12","slug":"over-ons","status":"publish","type":"page","link":"https:\/\/vwtuinplanten.nl\/de\/over-ons\/","title":{"rendered":"\u00dcber uns"},"content":{"rendered":"<div class=\"wpb-content-wrapper\"><p>[vc_row full_width=&#187;stretch_row&#187; content_placement=&#187;middle&#187; el_class=&#187;inner_banner_block&#187; css=&#187;.vc_custom_1564120601791{background-image: url(https:\/\/vwtuinplanten.nl\/wp-content\/uploads\/2019\/07\/inner-banner.jpg?id=101) !important;background-position: center !important;background-repeat: no-repeat !important;background-size: cover !important;}&#187;][vc_column][vc_row_inner][vc_column_inner][vc_custom_heading text=&#187;\u00dcber uns&#187; font_container=&#187;tag:h1|text_align:center|color:%23ffffff&#187; use_theme_fonts=&#187;yes&#187; el_class=&#187;inner_banner_title&#187;][\/vc_column_inner][\/vc_row_inner][\/vc_column][\/vc_row][vc_row full_width=&#187;stretch_row&#187; el_class=&#187;history_block block_space&#187;][vc_column][vc_row_inner][vc_column_inner width=&#187;1\/3&#8243;][vc_single_image image=&#187;138&#8243; img_size=&#187;full&#187; css=&#187;.vc_custom_1564128318533{margin-bottom: 0px !important;}&#187;][\/vc_column_inner][vc_column_inner width=&#187;2\/3&#8243;][vc_custom_heading text=&#187;\u00dcber  Van Woudenberg Tuinplanten&#187; font_container=&#187;tag:h1|text_align:left|color:%23404040&#8243; use_theme_fonts=&#187;yes&#187; el_class=&#187;m20&#8243;][vc_column_text el_class=&#187;about_text_info&#187;]Qualit\u00e4t und hohes Ma\u00df an Service<\/p>\n<p>Van Woudenberg Tuinplanten ist ein Familien gef\u00fchrtes Unternehmen mit Leib und Seele. Unsere Eltern haben in 1968 angefangen mit einem Obstbaubetrieb und seit 1985 umgestellt auf kultivieren von Zierpflanzen. Im Laufe der Jahre sind wir gewachsen, bis zu was wir heute sind: ein zuverl\u00e4ssiger Produzent von zukunftsf\u00e4hig angebauten, qualitativ hochwertigen Zierpflanzen.<\/p>\n<p>Van Woudenberg Tuinplanten h\u00e4lt an den altbewahrten Werten mit dem Nachdruck auf:<\/p>\n<ul>\n<li>&#8211; Bereitstellung von gleichbleibend hoher Qualit\u00e4t in einer gro\u00dfen Auswahl<\/li>\n<li>&#8211; A vertraulich, best\u00e4ndige Beziehung zu unseren Kunden<\/li>\n<li>&#8211; &#8211; Kunden ausgerichtete Innovation<\/li>\n<li>-Gew\u00e4hrleisten von Kreative L\u00f6sungen.<\/li>\n<\/ul>\n<p>\u201cAlle unseren Kundenbeziehungen sind gleicherma\u00dfen wertvoll\u201d[\/vc_column_text][\/vc_column_inner][\/vc_row_inner][\/vc_column][\/vc_row][vc_row full_width=&#187;stretch_row&#187; el_class=&#187;whyus_block block_space&#187;][vc_column][vc_row_inner][vc_column_inner][vc_custom_heading text=&#187;Warum Van Woudenberg Tuinplanten&#8230;.&#187; font_container=&#187;tag:h1|text_align:center|color:%23404040&#8243; use_theme_fonts=&#187;yes&#187; el_class=&#187;m40&#8243;][vc_column_text]<\/p>\n<p style=\"text-align: center;\"><span style=\"color: #245a2a;\"><strong><em>Qualit\u00e4t-Zuverl\u00e4ssigkeit-Flexibilit\u00e4t<\/em><\/strong><\/span><\/p>\n<p style=\"text-align: center;\">Van Woudenberg Tuinplanten ist ein Hersteller einer breiten und qualitativ hochwertiges Angebot an dauerhaften Zierpflanzen. Wir haben klare Ansichten \u00fcber Qualit\u00e4t, Beziehungen und wie man als Lieferant und Kunde in aller Offenheit mit einander verkehrt.<br \/>\nMit verschiedenen Standorten in den Niederlanden und Portugal k\u00f6nnen wir angemessen reagieren auf die W\u00fcnsche der Kunden. Das z\u00fcchten von Zierpflanzen vor Ort in Portugal fr\u00fch im Jahr gibt uns die M\u00f6glichkeit, auf die Nachfrage am Markt gerecht zu werden, sobald die Saison beginnt.<\/p>\n<p style=\"text-align: center;\">Service am Kunden ist auf hohem Niveau und benutzerdefinierte Lieferung ist auf jeden Fall eine unseren St\u00e4rken, die einen Mehrwert f\u00fcr unsere Kunden ist.<br \/>\nIst das etwas besonderes? Wir meinen eigentlich nicht. Es passt zu uns als Familienbetrieb.[\/vc_column_text][\/vc_column_inner][\/vc_row_inner][vc_empty_space][vc_btn title=&#187;Lesen Sie hier unseren Newsletter&#187; style=&#187;custom&#187; custom_background=&#187;#245A2A&#187; custom_text=&#187;#FFFFFF&#187; shape=&#187;square&#187; size=&#187;lg&#187; align=&#187;center&#187; css=&#187;&#187; link=&#187;url:https%3A%2F%2Fvwtuinplanten.nl%2Fwp-content%2Fuploads%2F2025%2F03%2FNewsletter-van-Woudenberg-D.pdf&#187;][\/vc_column][\/vc_row]<\/p>\n<\/div>","protected":false},"excerpt":{"rendered":"<p>[vc_row full_width=&#187;stretch_row&#187; content_placement=&#187;middle&#187; el_class=&#187;inner_banner_block&#187; css=&#187;.vc_custom_1564120601791{background-image: url(https:\/\/vwtuinplanten.nl\/wp-content\/uploads\/2019\/07\/inner-banner.jpg?id=101) !important;background-position: center !important;background-repeat: no-repeat !important;background-size: cover !important;}&#187;][vc_column][vc_row_inner][vc_column_inner][vc_custom_heading text=&#187;\u00dcber uns&#187; font_container=&#187;tag:h1|text_align:center|color:%23ffffff&#187; use_theme_fonts=&#187;yes&#187; el_class=&#187;inner_banner_title&#187;][\/vc_column_inner][\/vc_row_inner][\/vc_column][\/vc_row][vc_row full_width=&#187;stretch_row&#187; el_class=&#187;history_block block_space&#187;][vc_column][vc_row_inner][vc_column_inner width=&#187;1\/3&#8243;][vc_single_image image=&#187;138&#8243; img_size=&#187;full&#187; css=&#187;.vc_custom_1564128318533{margin-bottom: 0px !important;}&#187;][\/vc_column_inner][vc_column_inner width=&#187;2\/3&#8243;][vc_custom_heading text=&#187;\u00dcber Van Woudenberg Tuinplanten&#187; font_container=&#187;tag:h1|text_align:left|color:%23404040&#8243; use_theme_fonts=&#187;yes&#187; el_class=&#187;m20&#8243;][vc_column_text el_class=&#187;about_text_info&#187;]Qualit\u00e4t und hohes Ma\u00df an Service Van Woudenberg Tuinplanten ist ein Familien gef\u00fchrtes Unternehmen mit Leib und Seele. Unsere Eltern [&hellip;]<\/p>\n","protected":false},"author":1,"featured_media":0,"parent":0,"menu_order":0,"comment_status":"closed","ping_status":"closed","template":"","meta":{"_acf_changed":false,"footnotes":""},"class_list":["post-253","page","type-page","status-publish","hentry","entry"],"acf":[],"_links":{"self":[{"href":"https:\/\/vwtuinplanten.nl\/de\/wp-json\/wp\/v2\/pages\/253","targetHints":{"allow":["GET"]}}],"collection":[{"href":"https:\/\/vwtuinplanten.nl\/de\/wp-json\/wp\/v2\/pages"}],"about":[{"href":"https:\/\/vwtuinplanten.nl\/de\/wp-json\/wp\/v2\/types\/page"}],"author":[{"embeddable":true,"href":"https:\/\/vwtuinplanten.nl\/de\/wp-json\/wp\/v2\/users\/1"}],"replies":[{"embeddable":true,"href":"https:\/\/vwtuinplanten.nl\/de\/wp-json\/wp\/v2\/comments?post=253"}],"version-history":[{"count":17,"href":"https:\/\/vwtuinplanten.nl\/de\/wp-json\/wp\/v2\/pages\/253\/revisions"}],"predecessor-version":[{"id":1770,"href":"https:\/\/vwtuinplanten.nl\/de\/wp-json\/wp\/v2\/pages\/253\/revisions\/1770"}],"wp:attachment":[{"href":"https:\/\/vwtuinplanten.nl\/de\/wp-json\/wp\/v2\/media?parent=253"}],"curies":[{"name":"wp","href":"https:\/\/api.w.org\/{rel}","templated":true}]}}