{"id":182,"date":"2019-07-26T11:27:07","date_gmt":"2019-07-26T11:27:07","guid":{"rendered":"https:\/\/vwtuinplanten.nl\/?page_id=182"},"modified":"2021-06-19T11:14:59","modified_gmt":"2021-06-19T09:14:59","slug":"mps-certificeringen","status":"publish","type":"page","link":"https:\/\/vwtuinplanten.nl\/de\/mps-certificeringen\/","title":{"rendered":"Zertifizierung"},"content":{"rendered":"<div class=\"wpb-content-wrapper\"><p>[vc_row full_width=&#187;stretch_row&#187; content_placement=&#187;middle&#187; el_class=&#187;inner_banner_block&#187; css=&#187;.vc_custom_1564120601791{background-image: url(https:\/\/vwtuinplanten.nl\/wp-content\/uploads\/2019\/07\/inner-banner.jpg?id=101) !important;background-position: center !important;background-repeat: no-repeat !important;background-size: cover !important;}&#187;][vc_column][vc_row_inner][vc_column_inner][vc_custom_heading text=&#187;MPS-Certificeringen&#187; font_container=&#187;tag:h1|text_align:center|color:%23ffffff&#187; use_theme_fonts=&#187;yes&#187; el_class=&#187;inner_banner_title&#187;][\/vc_column_inner][\/vc_row_inner][\/vc_column][\/vc_row][vc_row full_width=&#187;stretch_row&#187; el_class=&#187;certification_block block_space&#187;][vc_column][vc_row_inner][vc_column_inner][vc_custom_heading text=&#187;Nachhaltigkeit&#187; font_container=&#187;tag:h1|text_align:center|color:%23404040&#8243; use_theme_fonts=&#187;yes&#187; el_class=&#187;m40&#8243;][vc_column_text css=&#187;.vc_custom_1624093865861{margin-bottom: 0px !important;}&#187; el_class=&#187;certification_desc&#187;]Van Woudenberg Tuinplanten steht f\u00fcr den nachhaltigen und verantwortungsvollen Anbau von Pflanzen.\u00a0 Mit unsere umweltfreundlichen Gesch\u00e4ftspraktiken versuchen \u00a0wir uns zu differenzieren und und schaffen so Offenheit und Transparenz gegen\u00fcber unseren Kunden und der Gesellschaft.<\/p>\n<p>&nbsp;<\/p>\n<p>VWT ist MPS zertifiziert und verbessert weiterhin die Produktionsprozesse im Unternehmen. Die in unserer Branche verwendeten MPS-Standards werden versch\u00e4rft und wie verfolgen sie genau. Auch unsere Lieferanten erf\u00fcllen die hohen Anforderungen der MPS-Zertifizierung. Neben MPS-a, MPS-Product Proof und MPS-Gap wurde Van Woudenberg auch mit dem Grasp-Zertifikat ausgezeichnet.[\/vc_column_text][\/vc_column_inner][\/vc_row_inner][vc_row_inner el_class=&#187;mpa_block block_space&#187; css=&#187;.vc_custom_1564141853930{padding-bottom: 0px !important;}&#187;][vc_column_inner width=&#187;2\/5&#8243;][vc_custom_heading text=&#187;MPS A&#187; font_container=&#187;tag:h3|text_align:left|color:%23245a2a&#187; use_theme_fonts=&#187;yes&#187; el_class=&#187;m20&#8243;][vc_column_text]MPs-ABC\u00a0 MPs-A ist ein Zertifikat mit einem einzigartigen Standard in der Welt. Es ist ein Ma\u00dfstab, der zeigt inwieweit Ihre Betriebsf\u00fchrung umweltfreundlich ist. Durch den Erhalt dieses Zertifikats werden Umweltleistung transparent, unterscheidet das Unternehmen sich von anderen Herstellern, sorgt es f\u00fcr mehr Struktur in den Betrieb und gibt Offenheit gegen\u00fcber der Gesellschaft.[\/vc_column_text][\/vc_column_inner][vc_column_inner width=&#187;1\/5&#8243;][vc_single_image image=&#187;188&#8243; img_size=&#187;full&#187; alignment=&#187;center&#187;][\/vc_column_inner][vc_column_inner width=&#187;2\/5&#8243;][vc_custom_heading text=&#187;MPS GAP&#187; font_container=&#187;tag:h3|text_align:right|color:%23245a2a&#187; use_theme_fonts=&#187;yes&#187; el_class=&#187;m20&#8243;][vc_column_text]<\/p>\n<p style=\"text-align: right;\">MPs-Product Proof ist ein System, wobei mit Hilfe einer Registrierung von Gew\u00e4chssch\u00fctz innerhalb von 24 Stunden und mit unabh\u00e4ngigen Stichproben gezeigt werden kann, das bestimmte Wirkstoffe nicht im Anbau verwendet werden. MPs-Product Proof (Produktsicherheit) ist eine Erweiterung auf die MPs-ABC (Betriebssicherheit) Zertifizierung.<\/p>\n<p style=\"text-align: right;\"><strong><span style=\"color: #245a2a;\"><a style=\"color: #245a2a;\" href=\"https:\/\/vwtuinplanten.nl\/wp-content\/uploads\/2019\/07\/4502-MPS-GAP.pdf\" target=\"_blank\" rel=\"noopener noreferrer\">4502 MPS-GAP<\/a><\/span><\/strong><br \/>\n<a href=\"https:\/\/vwtuinplanten.nl\/wp-content\/uploads\/2019\/07\/4502-DEF-GRASP.pdf\" target=\"_blank\" rel=\"noopener noreferrer\"><strong><span style=\"color: #245a2a;\">4502 DEF GRASP<\/span><\/strong><\/a><\/p>\n<p>[\/vc_column_text][\/vc_column_inner][\/vc_row_inner][vc_row_inner][vc_column_inner][vc_custom_heading text=&#187;Grasp&#187; font_container=&#187;tag:h1|text_align:center|color:%23404040&#8243; use_theme_fonts=&#187;yes&#187; el_class=&#187;m40&#8243;][vc_column_text css=&#187;.vc_custom_1624093904673{margin-bottom: 0px !important;}&#187; el_class=&#187;certification_desc&#187;]Grasp steht f\u00fcr Global Risk Assessment on Social Practice und ist eine Risikobewertung im Bereich sozialer Aspekte. Dazu geh\u00f6ren das Wohlbefinden und die Entlohnung der Mitarbeiter sowie Gesundheits- und Sicherheitsaspekte. Grasp unterst\u00fctzt Produzenten dabei, wichtige soziale Probleme anzugehen und Bewusstsein auf Unternehmensebene zu schaffen.[\/vc_column_text][vc_empty_space][\/vc_column_inner][\/vc_row_inner][vc_row_inner][vc_column_inner][vc_custom_heading text=&#187;Blauer Engel, RAL und Cyclos-HTP&#187; font_container=&#187;tag:h1|text_align:center|color:%23404040&#8243; use_theme_fonts=&#187;yes&#187; el_class=&#187;m40&#8243;][vc_column_text css=&#187;.vc_custom_1624093925901{margin-bottom: 0px !important;}&#187; el_class=&#187;certification_desc&#187;]Van Woudenberg Tuinplanten arbeitet mit zertifizierten Lieferanten zusammen, die \u00fcber die wichtigsten Zertifikate in der Zulieferindustrie f\u00fcr den Gartenbau verf\u00fcgen.<br \/>\nDas deutsche Label Blauer Engel \u00e4hnelt dem niederl\u00e4ndischen Umweltzeichen. Wenn ein Produkt das Label Der Blauer Engel tr\u00e4gt, f\u00e4llt es bei den wichtigsten Umweltaspekten weniger ins Gewicht als vergleichbare Produkte.<\/p>\n<p>Die RAL-G\u00fctezeichen stellen objektiv kontrollierte, hohe Qualit\u00e4tsanforderungen an Produkte in der Lagertechnik und in Industrieanlagen dar.<br \/>\nDas Cyclos-HTP Zertifikat wird vom Cyclos-HTP Institut f\u00fcr Recyclingf\u00e4higkeit und Produktverantwortung ausgestellt, der Zertifizierungsstelle f\u00fcr Recycling. Das Zertifikat steht f\u00fcr eine nachhaltigere Herstellung und Verarbeitung von Verpackungsmaterialien.<\/p>\n<p>Damit kommen wir dem nachhaltigen und abfallfreien Gartenbau einen Schritt n\u00e4her.<\/p>\n<p>Nachhaltigkeit ist die Zukunft. Gerade in unserer Branche, in der Zuchtmaterial zum Einsatz kommen, ist es wichtig, dass Sie sich auf Ihren Lieferanten verlassen k\u00f6nnen.<\/p>\n<p>Van Woudenberg Tuinplanten arbeitet und arbeitet weiter an einer nachhaltigen Zukunft![\/vc_column_text][vc_btn title=&#187;Hier finden Sie unsere Zertifizierungen&#187; link=&#187;url:https%3A%2F%2Fwallet.certifeye.com%2Fcertificates&#187;][vc_column_text]<em><sub>Hinweis: Diese Datenbank ist nur f\u00fcr MPS-ECAS Abonnenten zug\u00e4nglich.<\/sub><\/em>[\/vc_column_text][\/vc_column_inner][\/vc_row_inner][vc_row_inner content_placement=&#187;middle&#187; el_class=&#187;mpa_block block_space&#187; css=&#187;.vc_custom_1564141845333{padding-bottom: 0px !important;}&#187;][vc_column_inner width=&#187;1\/4&#8243;][vc_single_image image=&#187;623&#8243; img_size=&#187;full&#187; el_class=&#187;mps_img&#187;][\/vc_column_inner][vc_column_inner width=&#187;1\/2&#8243;][vc_single_image image=&#187;629&#8243; img_size=&#187;full&#187; alignment=&#187;center&#187; onclick=&#187;custom_link&#187; link=&#187;https:\/\/vwtuinplanten.nl\/wp-content\/uploads\/2021\/06\/VanWoudenbergMPS-GAP110821-1.pdf&#187;][\/vc_column_inner][vc_column_inner width=&#187;1\/4&#8243;][vc_single_image image=&#187;621&#8243; img_size=&#187;full&#187; el_class=&#187;mps_img&#187;][\/vc_column_inner][\/vc_row_inner][vc_row_inner content_placement=&#187;middle&#187; el_class=&#187;mpa_block block_space&#187; css=&#187;.vc_custom_1564141845333{padding-bottom: 0px !important;}&#187;][vc_column_inner width=&#187;1\/4&#8243;][vc_single_image image=&#187;624&#8243; img_size=&#187;full&#187; el_class=&#187;mps_img&#187;][\/vc_column_inner][vc_column_inner width=&#187;1\/2&#8243;][vc_single_image image=&#187;630&#8243; img_size=&#187;full&#187; alignment=&#187;center&#187; onclick=&#187;custom_link&#187; link=&#187;https:\/\/vwtuinplanten.nl\/wp-content\/uploads\/2021\/06\/MPS-ABC-24-05-2021.pdf&#187;][\/vc_column_inner][vc_column_inner width=&#187;1\/4&#8243;][\/vc_column_inner][\/vc_row_inner][vc_row_inner content_placement=&#187;middle&#187; el_class=&#187;mpa_block block_space&#187; css=&#187;.vc_custom_1564141845333{padding-bottom: 0px !important;}&#187;][vc_column_inner width=&#187;1\/4&#8243;][\/vc_column_inner][vc_column_inner width=&#187;1\/2&#8243;][vc_single_image image=&#187;627&#8243; img_size=&#187;full&#187; alignment=&#187;center&#187; onclick=&#187;custom_link&#187; link=&#187;https:\/\/vwtuinplanten.nl\/wp-content\/uploads\/2021\/06\/VanWoudenbergGRASP110821-2021.pdf&#187;][\/vc_column_inner][vc_column_inner width=&#187;1\/4&#8243;][\/vc_column_inner][\/vc_row_inner][\/vc_column][\/vc_row][vc_row][vc_column][\/vc_column][\/vc_row]<\/p>\n<\/div>","protected":false},"excerpt":{"rendered":"<p>[vc_row full_width=&#187;stretch_row&#187; content_placement=&#187;middle&#187; el_class=&#187;inner_banner_block&#187; css=&#187;.vc_custom_1564120601791{background-image: url(https:\/\/vwtuinplanten.nl\/wp-content\/uploads\/2019\/07\/inner-banner.jpg?id=101) !important;background-position: center !important;background-repeat: no-repeat !important;background-size: cover !important;}&#187;][vc_column][vc_row_inner][vc_column_inner][vc_custom_heading text=&#187;MPS-Certificeringen&#187; font_container=&#187;tag:h1|text_align:center|color:%23ffffff&#187; use_theme_fonts=&#187;yes&#187; el_class=&#187;inner_banner_title&#187;][\/vc_column_inner][\/vc_row_inner][\/vc_column][\/vc_row][vc_row full_width=&#187;stretch_row&#187; el_class=&#187;certification_block block_space&#187;][vc_column][vc_row_inner][vc_column_inner][vc_custom_heading text=&#187;Nachhaltigkeit&#187; font_container=&#187;tag:h1|text_align:center|color:%23404040&#8243; use_theme_fonts=&#187;yes&#187; el_class=&#187;m40&#8243;][vc_column_text css=&#187;.vc_custom_1624093865861{margin-bottom: 0px !important;}&#187; el_class=&#187;certification_desc&#187;]Van Woudenberg Tuinplanten steht f\u00fcr den nachhaltigen und verantwortungsvollen Anbau von Pflanzen.\u00a0 Mit unsere umweltfreundlichen Gesch\u00e4ftspraktiken versuchen \u00a0wir uns zu differenzieren und und schaffen so Offenheit und Transparenz [&hellip;]<\/p>\n","protected":false},"author":1,"featured_media":0,"parent":0,"menu_order":0,"comment_status":"closed","ping_status":"closed","template":"","meta":{"_acf_changed":false,"footnotes":""},"class_list":["post-182","page","type-page","status-publish","hentry","entry"],"acf":[],"_links":{"self":[{"href":"https:\/\/vwtuinplanten.nl\/de\/wp-json\/wp\/v2\/pages\/182","targetHints":{"allow":["GET"]}}],"collection":[{"href":"https:\/\/vwtuinplanten.nl\/de\/wp-json\/wp\/v2\/pages"}],"about":[{"href":"https:\/\/vwtuinplanten.nl\/de\/wp-json\/wp\/v2\/types\/page"}],"author":[{"embeddable":true,"href":"https:\/\/vwtuinplanten.nl\/de\/wp-json\/wp\/v2\/users\/1"}],"replies":[{"embeddable":true,"href":"https:\/\/vwtuinplanten.nl\/de\/wp-json\/wp\/v2\/comments?post=182"}],"version-history":[{"count":34,"href":"https:\/\/vwtuinplanten.nl\/de\/wp-json\/wp\/v2\/pages\/182\/revisions"}],"predecessor-version":[{"id":639,"href":"https:\/\/vwtuinplanten.nl\/de\/wp-json\/wp\/v2\/pages\/182\/revisions\/639"}],"wp:attachment":[{"href":"https:\/\/vwtuinplanten.nl\/de\/wp-json\/wp\/v2\/media?parent=182"}],"curies":[{"name":"wp","href":"https:\/\/api.w.org\/{rel}","templated":true}]}}