{"id":137,"date":"2019-07-26T08:08:57","date_gmt":"2019-07-26T08:08:57","guid":{"rendered":"https:\/\/vwtuinplanten.nl\/?page_id=137"},"modified":"2019-08-05T10:11:11","modified_gmt":"2019-08-05T10:11:11","slug":"geschiedenis","status":"publish","type":"page","link":"https:\/\/vwtuinplanten.nl\/de\/geschiedenis\/","title":{"rendered":"Die Geschichte"},"content":{"rendered":"<div class=\"wpb-content-wrapper\"><p>[vc_row full_width=&#187;stretch_row&#187; content_placement=&#187;middle&#187; el_class=&#187;inner_banner_block&#187; css=&#187;.vc_custom_1564120601791{background-image: url(https:\/\/vwtuinplanten.nl\/wp-content\/uploads\/2019\/07\/inner-banner.jpg?id=101) !important;background-position: center !important;background-repeat: no-repeat !important;background-size: cover !important;}&#187;][vc_column][vc_row_inner][vc_column_inner][vc_custom_heading text=&#187;Die Geschichte&#187; font_container=&#187;tag:h1|text_align:center|color:%23ffffff&#187; use_theme_fonts=&#187;yes&#187; el_class=&#187;inner_banner_title&#187;][\/vc_column_inner][\/vc_row_inner][\/vc_column][\/vc_row][vc_row full_width=&#187;stretch_row&#187; el_class=&#187;history_block block_space&#187;][vc_column][vc_row_inner][vc_column_inner width=&#187;1\/3&#8243;][vc_single_image image=&#187;138&#8243; img_size=&#187;full&#187; css=&#187;.vc_custom_1564128318533{margin-bottom: 0px !important;}&#187;][\/vc_column_inner][vc_column_inner width=&#187;2\/3&#8243;][vc_custom_heading text=&#187;Familienunternehmen von Anfang bis zum heutigen Tag&#187; font_container=&#187;tag:h1|text_align:left|color:%23404040&#8243; use_theme_fonts=&#187;yes&#187; el_class=&#187;m20&#8243;][vc_column_text]Fr\u00fcher war Van Woudenberg ein typischer Obstbaubetrieb.\u00a0 In 1968-1969 haben Bert und Gerry van Woudenberg in Zevenhuizen das Unternehmen gegr\u00fcndet. Als das Unternehmen durch einen Brand im Jahre 1985 getroffen wurde, war das ein Grund f\u00fcr den Start mit dem Anbau von Zierpflanzen; Das erwies sich als eine positive Wendung f\u00fcr das Unternehmen. Von 1990 bis zum heutigen Tag z\u00fcchtet die Firma visuelle Zierpflanzen; dies ist Schritt fur Schritt gewachsen bis zum heutigen Betrieb.<\/p>\n<p>Das Eintreffen der zweiten Generation in das Unternehmen f\u00fchrte einem kr\u00e4ftigen Wachstum. Dieses Wachstum hat keinen Einfluss auf die von alters her bestehenden Traditionen: \u00a0hohe Qualit\u00e4t der Produkte, jeder Kunde ist wichtig, ein Auge haben f\u00fcr den Wunsch des Kunden. Und bei uns gilt Folgendes: ein deal ist ein deal.[\/vc_column_text][\/vc_column_inner][\/vc_row_inner][\/vc_column][\/vc_row]<\/p>\n<\/div>","protected":false},"excerpt":{"rendered":"<p>[vc_row full_width=&#187;stretch_row&#187; content_placement=&#187;middle&#187; el_class=&#187;inner_banner_block&#187; css=&#187;.vc_custom_1564120601791{background-image: url(https:\/\/vwtuinplanten.nl\/wp-content\/uploads\/2019\/07\/inner-banner.jpg?id=101) !important;background-position: center !important;background-repeat: no-repeat !important;background-size: cover !important;}&#187;][vc_column][vc_row_inner][vc_column_inner][vc_custom_heading text=&#187;Die Geschichte&#187; font_container=&#187;tag:h1|text_align:center|color:%23ffffff&#187; use_theme_fonts=&#187;yes&#187; el_class=&#187;inner_banner_title&#187;][\/vc_column_inner][\/vc_row_inner][\/vc_column][\/vc_row][vc_row full_width=&#187;stretch_row&#187; el_class=&#187;history_block block_space&#187;][vc_column][vc_row_inner][vc_column_inner width=&#187;1\/3&#8243;][vc_single_image image=&#187;138&#8243; img_size=&#187;full&#187; css=&#187;.vc_custom_1564128318533{margin-bottom: 0px !important;}&#187;][\/vc_column_inner][vc_column_inner width=&#187;2\/3&#8243;][vc_custom_heading text=&#187;Familienunternehmen von Anfang bis zum heutigen Tag&#187; font_container=&#187;tag:h1|text_align:left|color:%23404040&#8243; use_theme_fonts=&#187;yes&#187; el_class=&#187;m20&#8243;][vc_column_text]Fr\u00fcher war Van Woudenberg ein typischer Obstbaubetrieb.\u00a0 In 1968-1969 haben Bert und Gerry van Woudenberg in Zevenhuizen das [&hellip;]<\/p>\n","protected":false},"author":1,"featured_media":0,"parent":0,"menu_order":0,"comment_status":"closed","ping_status":"closed","template":"","meta":{"_acf_changed":false,"footnotes":""},"class_list":["post-137","page","type-page","status-publish","hentry","entry"],"acf":[],"_links":{"self":[{"href":"https:\/\/vwtuinplanten.nl\/de\/wp-json\/wp\/v2\/pages\/137","targetHints":{"allow":["GET"]}}],"collection":[{"href":"https:\/\/vwtuinplanten.nl\/de\/wp-json\/wp\/v2\/pages"}],"about":[{"href":"https:\/\/vwtuinplanten.nl\/de\/wp-json\/wp\/v2\/types\/page"}],"author":[{"embeddable":true,"href":"https:\/\/vwtuinplanten.nl\/de\/wp-json\/wp\/v2\/users\/1"}],"replies":[{"embeddable":true,"href":"https:\/\/vwtuinplanten.nl\/de\/wp-json\/wp\/v2\/comments?post=137"}],"version-history":[{"count":6,"href":"https:\/\/vwtuinplanten.nl\/de\/wp-json\/wp\/v2\/pages\/137\/revisions"}],"predecessor-version":[{"id":286,"href":"https:\/\/vwtuinplanten.nl\/de\/wp-json\/wp\/v2\/pages\/137\/revisions\/286"}],"wp:attachment":[{"href":"https:\/\/vwtuinplanten.nl\/de\/wp-json\/wp\/v2\/media?parent=137"}],"curies":[{"name":"wp","href":"https:\/\/api.w.org\/{rel}","templated":true}]}}