{"id":100,"date":"2019-07-26T05:57:07","date_gmt":"2019-07-26T05:57:07","guid":{"rendered":"https:\/\/vwtuinplanten.nl\/?page_id=100"},"modified":"2026-04-10T11:09:11","modified_gmt":"2026-04-10T09:09:11","slug":"onze-mensen","status":"publish","type":"page","link":"https:\/\/vwtuinplanten.nl\/de\/onze-mensen\/","title":{"rendered":"Das Team"},"content":{"rendered":"<div class=\"wpb-content-wrapper\"><p>[vc_row full_width=&#187;stretch_row&#187; content_placement=&#187;middle&#187; el_class=&#187;inner_banner_block&#187; css=&#187;.vc_custom_1564120601791{background-image: url(https:\/\/vwtuinplanten.nl\/wp-content\/uploads\/2019\/07\/inner-banner.jpg?id=101) !important;background-position: center !important;background-repeat: no-repeat !important;background-size: cover !important;}&#187;][vc_column][vc_row_inner][vc_column_inner][vc_custom_heading text=&#187;UNSER TEAM&#187; font_container=&#187;tag:h1|text_align:center|color:%23ffffff&#187; use_theme_fonts=&#187;yes&#187; el_class=&#187;inner_banner_title&#187;][\/vc_column_inner][\/vc_row_inner][\/vc_column][\/vc_row][vc_row full_width=&#187;stretch_row&#187; el_class=&#187;people_block block_space&#187;][vc_column][vc_custom_heading text=&#187;Das st\u00e4ndige Team von Van Woudenberg Tuinplanten&#187; font_container=&#187;tag:h1|text_align:center|color:%23404040&#8243; use_theme_fonts=&#187;yes&#187; el_class=&#187;m40&#8243;][vc_row_inner][vc_column_inner width=&#187;1\/6&#8243;][\/vc_column_inner][vc_column_inner width=&#187;2\/3&#8243;][vc_column_text css=&#187;.vc_custom_1614948368749{margin-bottom: 0px !important;}&#187; el_class=&#187;people_desc&#187;]Bei Van Woudenberg Tuinplanten BV arbeiten Menschen mit Kenntnis und Erfahrung aus der Praxis. Sie kennen alle Aspekte \u00fcber kultivieren und liefern von Zierpflanzen. Unser kleines und enges Team m\u00f6chte Ihnen gerne behilflich sein. Deshalb ist es gut, Sie wissen an wen Sie sich in unserem Team wenden k\u00f6nnen.[\/vc_column_text][\/vc_column_inner][vc_column_inner width=&#187;1\/6&#8243;][\/vc_column_inner][\/vc_row_inner][\/vc_column][\/vc_row][vc_row full_width=&#187;stretch_row&#187; gap=&#187;20&#8243; equal_height=&#187;yes&#187; el_class=&#187;our_people_members block_space&#187;][vc_column][vc_row_inner content_placement=&#187;middle&#187; el_class=&#187;members_row&#187;][vc_column_inner width=&#187;1\/4&#8243;][vc_single_image image=&#187;1432&#8243; img_size=&#187;full&#187; css=&#187;&#187; el_class=&#187;member_img&#187;][\/vc_column_inner][vc_column_inner width=&#187;3\/4&#8243;][vc_custom_heading text=&#187;Rick van Woudenberg&#187; font_container=&#187;tag:h3|text_align:left|color:%23404040&#8243; use_theme_fonts=&#187;yes&#187;][vc_column_text css=&#187;.vc_custom_1614948375115{margin-bottom: 0px !important;}&#187; el_class=&#187;member_desc&#187;]Gesch\u00e4ftsf\u00fchrer: verantwortlich f\u00fcr die Kommerziellen Angelegenheiten und die Qualit\u00e4t der Produkte. Dar\u00fcber hinaus hat er auch die Gesch\u00e4ftsf\u00fchrung des Unternehmens. Er begleitet auch gr\u00f6\u00dfere, langfristige Projekte und pflegt die Kontakte mit unseren Kunden hinsichtlich ihrer spezifischen Anfragen.[\/vc_column_text][\/vc_column_inner][\/vc_row_inner][vc_row_inner content_placement=&#187;middle&#187; el_class=&#187;members_row&#187;][vc_column_inner width=&#187;3\/4&#8243;][vc_custom_heading text=&#187;Grazyna van Woudenberg&#187; font_container=&#187;tag:h3|text_align:right|color:%23404040&#8243; use_theme_fonts=&#187;yes&#187; css=&#187;&#187;][vc_column_text css=&#187;.vc_custom_1742908635120{margin-bottom: 0px !important;}&#187; el_class=&#187;member_desc&#187;]<\/p>\n<p style=\"text-align: right;\">Personalverwaltung, Assistenz bei der Personalf\u00fchrung und Ansprechpartner f\u00fcr die Zeitarbeitsfirmen.<\/p>\n<p>[\/vc_column_text][\/vc_column_inner][vc_column_inner width=&#187;1\/4&#8243;][vc_single_image image=&#187;1736&#8243; img_size=&#187;200&#215;200&#8243; alignment=&#187;right&#187; css=&#187;&#187; el_class=&#187;member_img&#187;][\/vc_column_inner][\/vc_row_inner][vc_row_inner content_placement=&#187;middle&#187; el_class=&#187;members_row&#187;][vc_column_inner width=&#187;1\/4&#8243;][vc_single_image image=&#187;329&#8243; img_size=&#187;200&#215;200&#8243; css=&#187;&#187; el_class=&#187;member_img&#187;][\/vc_column_inner][vc_column_inner width=&#187;3\/4&#8243;][vc_custom_heading text=&#187;Gerbert van Woudenberg&#187; font_container=&#187;tag:h3|text_align:left|color:%23404040&#8243; use_theme_fonts=&#187;yes&#187; css=&#187;&#187;][vc_column_text css=&#187;.vc_custom_1742908790726{margin-bottom: 0px !important;}&#187; el_class=&#187;member_desc&#187;]Ist Betriebsleiter und Auftragsbetreuer.[\/vc_column_text][\/vc_column_inner][\/vc_row_inner][vc_row_inner content_placement=&#187;middle&#187; el_class=&#187;members_row&#187;][vc_column_inner width=&#187;3\/4&#8243;][vc_custom_heading text=&#187;Ewa Wisniewska&#187; font_container=&#187;tag:h3|text_align:right|color:%23404040&#8243; use_theme_fonts=&#187;yes&#187;][vc_column_text css=&#187;.vc_custom_1742908961896{margin-bottom: 0px !important;}&#187; el_class=&#187;member_desc&#187;]<\/p>\n<p style=\"text-align: right;\">Ist Key Account Manager unserer Partner und verantwortlich f\u00fcr die Auftragsabwicklung.<\/p>\n<p>[\/vc_column_text][\/vc_column_inner][vc_column_inner width=&#187;1\/4&#8243;][vc_single_image image=&#187;1719&#8243; img_size=&#187;full&#187; alignment=&#187;right&#187; css=&#187;&#187; el_class=&#187;member_img&#187;][\/vc_column_inner][\/vc_row_inner][vc_row_inner content_placement=&#187;middle&#187; el_class=&#187;members_row&#187;][vc_column_inner width=&#187;1\/4&#8243;][vc_single_image image=&#187;559&#8243; img_size=&#187;full&#187; css=&#187;&#187; el_class=&#187;member_img&#187;][\/vc_column_inner][vc_column_inner width=&#187;3\/4&#8243;][vc_custom_heading text=&#187;Gert Hoogendoorn&#187; font_container=&#187;tag:h3|text_align:left|color:%23404040&#8243; use_theme_fonts=&#187;yes&#187; css=&#187;&#187;][vc_column_text css=&#187;.vc_custom_1728561919885{margin-bottom: 0px !important;}&#187; el_class=&#187;member_desc&#187;]Seine Hauptaufgabe als Logistikleiter ist es, die gesamte Logistik schnell und akkurat durchzuf\u00fchren[\/vc_column_text][\/vc_column_inner][\/vc_row_inner][vc_row_inner content_placement=&#187;middle&#187; el_class=&#187;members_row&#187;][vc_column_inner width=&#187;3\/4&#8243;][vc_custom_heading text=&#187;Hans van Beek&#187; font_container=&#187;tag:h3|text_align:right|color:%23404040&#8243; use_theme_fonts=&#187;yes&#187; css=&#187;&#187;][vc_column_text css=&#187;.vc_custom_1728561814157{margin-bottom: 0px !important;}&#187; el_class=&#187;member_desc&#187;]<\/p>\n<p style=\"text-align: right;\">ist verantwortlich f\u00fcr den Anbau im Allgemeinen und speziell f\u00fcr die Sicherstellung der Produktqualit\u00e4t an allen Produktionsstandorten.<\/p>\n<p>[\/vc_column_text][\/vc_column_inner][vc_column_inner width=&#187;1\/4&#8243;][vc_single_image image=&#187;363&#8243; img_size=&#187;full&#187; alignment=&#187;right&#187; css=&#187;&#187; el_class=&#187;member_img&#187;][\/vc_column_inner][\/vc_row_inner][vc_row_inner content_placement=&#187;middle&#187; el_class=&#187;members_row&#187;][vc_column_inner width=&#187;1\/4&#8243;][vc_single_image image=&#187;1708&#8243; img_size=&#187;full&#187; css=&#187;&#187; el_class=&#187;member_img&#187;][\/vc_column_inner][vc_column_inner width=&#187;3\/4&#8243;][vc_custom_heading text=&#187;Bert Steenks&#187; font_container=&#187;tag:h3|text_align:left|color:%23404040&#8243; use_theme_fonts=&#187;yes&#187; css=&#187;&#187;][vc_column_text css=&#187;.vc_custom_1728563553605{margin-bottom: 0px !important;}&#187; el_class=&#187;member_desc&#187;]<\/p>\n<p id=\"tw-target-text\" class=\"tw-data-text tw-text-large tw-ta\" dir=\"ltr\" data-placeholder=\"Vertaling\" data-ved=\"2ahUKEwi6w7Hm44OJAxVThv0HHdJoAyAQ3ewLegQIBxAU\" aria-label=\"Vertaalde tekst: Maarten van Zoest ist verantwortlich f\u00fcr alles rund um den Anbau im Allgemeinen und im Speziellen f\u00fcr die Gew\u00e4hrleistung der Produktqualit\u00e4t \u00fcber alle Produktionsstandorte hinweg.\"><span class=\"Y2IQFc\" lang=\"de\">ist verantwortlich f\u00fcr den Anbau im Allgemeinen und Speziell f\u00fcr die sicherstellung der Produktqualit\u00e4t an allen Produktionsstandorten.<\/span><\/p>\n<p>[\/vc_column_text][\/vc_column_inner][\/vc_row_inner][\/vc_column][\/vc_row][vc_row][vc_column][vc_row_inner content_placement=&#187;middle&#187; el_class=&#187;members_row&#187;][vc_column_inner width=&#187;3\/4&#8243;][vc_custom_heading text=&#187;Laurens Koole&#187; font_container=&#187;tag:h3|text_align:right|color:%23404040&#8243; use_theme_fonts=&#187;yes&#187; css=&#187;&#187;][vc_column_text css=&#187;.vc_custom_1742485806407{margin-bottom: 0px !important;}&#187; el_class=&#187;member_desc&#187;]<\/p>\n<p style=\"text-align: right;\">ist f\u00fcr die Leitung der verschiedenen Teams verantwortlich.<\/p>\n<p>[\/vc_column_text][\/vc_column_inner][vc_column_inner width=&#187;1\/4&#8243;][vc_single_image image=&#187;1705&#8243; img_size=&#187;200&#215;200&#8243; alignment=&#187;right&#187; css=&#187;&#187; el_class=&#187;member_img&#187;][\/vc_column_inner][\/vc_row_inner][vc_row_inner content_placement=&#187;middle&#187; el_class=&#187;members_row&#187;][vc_column_inner width=&#187;1\/4&#8243;][vc_single_image image=&#187;1726&#8243; img_size=&#187;full&#187; css=&#187;&#187; el_class=&#187;member_img&#187;][\/vc_column_inner][vc_column_inner width=&#187;3\/4&#8243;][vc_custom_heading text=&#187;Helen van der Wouden&#187; font_container=&#187;tag:h3|text_align:left|color:%23404040&#8243; use_theme_fonts=&#187;yes&#187; css=&#187;&#187;][vc_column_text css=&#187;.vc_custom_1742818778232{margin-bottom: 0px !important;}&#187; el_class=&#187;member_desc&#187;]<\/p>\n<p class=\"tw-data-text tw-text-large tw-ta\" dir=\"ltr\" data-placeholder=\"Vertaling\" data-ved=\"2ahUKEwi6w7Hm44OJAxVThv0HHdJoAyAQ3ewLegQIBxAU\" aria-label=\"Vertaalde tekst: Maarten van Zoest ist verantwortlich f\u00fcr alles rund um den Anbau im Allgemeinen und im Speziellen f\u00fcr die Gew\u00e4hrleistung der Produktqualit\u00e4t \u00fcber alle Produktionsstandorte hinweg.\"><span class=\"Y2IQFc\" lang=\"de\">Ist verantwortlich f\u00fcr <\/span><span class=\"Y2IQFc\" lang=\"de\">die Finanzverwaltung zust\u00e4ndig.<\/span><\/p>\n<p>[\/vc_column_text][\/vc_column_inner][\/vc_row_inner][vc_row_inner content_placement=&#187;middle&#187; el_class=&#187;members_row&#187;][vc_column_inner width=&#187;3\/4&#8243;][vc_custom_heading text=&#187;Rianne van der Ham&#187; font_container=&#187;tag:h3|text_align:right|color:%23404040&#8243; use_theme_fonts=&#187;yes&#187; css=&#187;&#187;][vc_column_text css=&#187;.vc_custom_1742818859543{margin-bottom: 0px !important;}&#187; el_class=&#187;member_desc&#187;]<\/p>\n<p style=\"text-align: right;\">Ist f\u00fcr die Zeitverwaltung verantwortlich.<\/p>\n<p>[\/vc_column_text][\/vc_column_inner][vc_column_inner width=&#187;1\/4&#8243;][vc_single_image image=&#187;1734&#8243; img_size=&#187;200&#215;200&#8243; alignment=&#187;right&#187; css=&#187;&#187; el_class=&#187;member_img&#187;][\/vc_column_inner][\/vc_row_inner][vc_column_text]<\/p>\n<p style=\"text-align: center;\">W\u00e4hrend der Saison benutzen wir den Einsatz von Zeitarbeitskr\u00e4ften.<\/p>\n<p>[\/vc_column_text][\/vc_column][\/vc_row]<\/p>\n<\/div>","protected":false},"excerpt":{"rendered":"<p>[vc_row full_width=&#187;stretch_row&#187; content_placement=&#187;middle&#187; el_class=&#187;inner_banner_block&#187; css=&#187;.vc_custom_1564120601791{background-image: url(https:\/\/vwtuinplanten.nl\/wp-content\/uploads\/2019\/07\/inner-banner.jpg?id=101) !important;background-position: center !important;background-repeat: no-repeat !important;background-size: cover !important;}&#187;][vc_column][vc_row_inner][vc_column_inner][vc_custom_heading text=&#187;UNSER TEAM&#187; font_container=&#187;tag:h1|text_align:center|color:%23ffffff&#187; use_theme_fonts=&#187;yes&#187; el_class=&#187;inner_banner_title&#187;][\/vc_column_inner][\/vc_row_inner][\/vc_column][\/vc_row][vc_row full_width=&#187;stretch_row&#187; el_class=&#187;people_block block_space&#187;][vc_column][vc_custom_heading text=&#187;Das st\u00e4ndige Team von Van Woudenberg Tuinplanten&#187; font_container=&#187;tag:h1|text_align:center|color:%23404040&#8243; use_theme_fonts=&#187;yes&#187; el_class=&#187;m40&#8243;][vc_row_inner][vc_column_inner width=&#187;1\/6&#8243;][\/vc_column_inner][vc_column_inner width=&#187;2\/3&#8243;][vc_column_text css=&#187;.vc_custom_1614948368749{margin-bottom: 0px !important;}&#187; el_class=&#187;people_desc&#187;]Bei Van Woudenberg Tuinplanten BV arbeiten Menschen mit Kenntnis und Erfahrung aus der Praxis. Sie kennen alle Aspekte \u00fcber [&hellip;]<\/p>\n","protected":false},"author":1,"featured_media":0,"parent":0,"menu_order":0,"comment_status":"closed","ping_status":"closed","template":"","meta":{"_acf_changed":false,"footnotes":""},"class_list":["post-100","page","type-page","status-publish","hentry","entry"],"acf":[],"_links":{"self":[{"href":"https:\/\/vwtuinplanten.nl\/de\/wp-json\/wp\/v2\/pages\/100","targetHints":{"allow":["GET"]}}],"collection":[{"href":"https:\/\/vwtuinplanten.nl\/de\/wp-json\/wp\/v2\/pages"}],"about":[{"href":"https:\/\/vwtuinplanten.nl\/de\/wp-json\/wp\/v2\/types\/page"}],"author":[{"embeddable":true,"href":"https:\/\/vwtuinplanten.nl\/de\/wp-json\/wp\/v2\/users\/1"}],"replies":[{"embeddable":true,"href":"https:\/\/vwtuinplanten.nl\/de\/wp-json\/wp\/v2\/comments?post=100"}],"version-history":[{"count":188,"href":"https:\/\/vwtuinplanten.nl\/de\/wp-json\/wp\/v2\/pages\/100\/revisions"}],"predecessor-version":[{"id":2077,"href":"https:\/\/vwtuinplanten.nl\/de\/wp-json\/wp\/v2\/pages\/100\/revisions\/2077"}],"wp:attachment":[{"href":"https:\/\/vwtuinplanten.nl\/de\/wp-json\/wp\/v2\/media?parent=100"}],"curies":[{"name":"wp","href":"https:\/\/api.w.org\/{rel}","templated":true}]}}